{"id":20215686,"date":"2023-05-01T13:03:48","date_gmt":"2023-05-01T11:03:48","guid":{"rendered":"https:\/\/javataste.de\/?post_type=product&#038;p=20215686"},"modified":"2025-01-27T10:50:17","modified_gmt":"2025-01-27T09:50:17","slug":"munik-bumbu-semur-80g","status":"publish","type":"product","link":"https:\/\/javataste.de\/en\/product\/munik-bumbu-semur-80g\/","title":{"rendered":"MUNIK Bumbu Semur 80g"},"content":{"rendered":"<p>Beschreibung:<\/p>\n<p>Gew\u00fcrzpaste f\u00fcr Semur (tiefbraune Suppe). Semur ist ein ged\u00fcnstetes Fleischgericht aus Indonesien, das in einer tiefbraunen Suppe aus s\u00fc\u00dfer Sojasauce, Schalotten, Zwiebeln, Muskatnuss und Nelken zubereitet wird. S\u00fc\u00dfe Sojasauce aus schwarzen Sojabohnen ist die wichtigste Zutat bei der Herstellung von Eint\u00f6pfen, da sie den Geschmack verst\u00e4rkt, sich aber dennoch harmonisch mit anderen Zutaten verbunden anf\u00fchlt.<\/p>\n<div><\/div>","protected":false},"excerpt":{"rendered":"<p>Gew\u00fcrzpaste f\u00fcr Semur (tiefbraune Suppe)<\/p>","protected":false},"featured_media":20215687,"comment_status":"open","ping_status":"closed","template":"","meta":{"om_disable_all_campaigns":false,"_monsterinsights_skip_tracking":false,"_monsterinsights_sitenote_active":false,"_monsterinsights_sitenote_note":"","_monsterinsights_sitenote_category":0},"product_brand":[],"product_cat":[80,88],"product_tag":[288,192,293],"class_list":{"0":"post-20215686","1":"product","2":"type-product","3":"status-publish","4":"has-post-thumbnail","6":"product_cat-gewuerze","7":"product_cat-angebote","8":"product_tag-bumbu","9":"product_tag-munik","10":"product_tag-semur","12":"first","13":"outofstock","14":"sale","15":"purchasable","16":"product-type-simple"},"aioseo_notices":[],"_links":{"self":[{"href":"https:\/\/javataste.de\/en\/wp-json\/wp\/v2\/product\/20215686","targetHints":{"allow":["GET"]}}],"collection":[{"href":"https:\/\/javataste.de\/en\/wp-json\/wp\/v2\/product"}],"about":[{"href":"https:\/\/javataste.de\/en\/wp-json\/wp\/v2\/types\/product"}],"replies":[{"embeddable":true,"href":"https:\/\/javataste.de\/en\/wp-json\/wp\/v2\/comments?post=20215686"}],"wp:featuredmedia":[{"embeddable":true,"href":"https:\/\/javataste.de\/en\/wp-json\/wp\/v2\/media\/20215687"}],"wp:attachment":[{"href":"https:\/\/javataste.de\/en\/wp-json\/wp\/v2\/media?parent=20215686"}],"wp:term":[{"taxonomy":"product_brand","embeddable":true,"href":"https:\/\/javataste.de\/en\/wp-json\/wp\/v2\/product_brand?post=20215686"},{"taxonomy":"product_cat","embeddable":true,"href":"https:\/\/javataste.de\/en\/wp-json\/wp\/v2\/product_cat?post=20215686"},{"taxonomy":"product_tag","embeddable":true,"href":"https:\/\/javataste.de\/en\/wp-json\/wp\/v2\/product_tag?post=20215686"}],"curies":[{"name":"wp","href":"https:\/\/api.w.org\/{rel}","templated":true}]}}