{"id":20215684,"date":"2023-05-01T12:50:52","date_gmt":"2023-05-01T10:50:52","guid":{"rendered":"https:\/\/javataste.de\/?post_type=product&#038;p=20215684"},"modified":"2025-01-27T10:50:45","modified_gmt":"2025-01-27T09:50:45","slug":"munik-bumbu-sayur-asam-180g","status":"publish","type":"product","link":"https:\/\/javataste.de\/en\/product\/munik-bumbu-sayur-asam-180g\/","title":{"rendered":"MUNIK Bumbu Sayur Asam 180g"},"content":{"rendered":"<p>Beschreibung:<\/p>\n<p>Gew\u00fcrzpaste f\u00fcr Sayur Asam (Gem\u00fcse in Tamarindensuppe). Sayur Asem oder Sayur Asam ist eine indonesische Gem\u00fcsesuppe. Es ist ein beliebtes s\u00fcdostasiatisches Gericht aus der sundanesischen K\u00fcche, das aus Gem\u00fcse in Tamarindensuppe besteht. Der s\u00fc\u00df-saure Geschmack dieses Gerichts gilt als erfrischend und passt sehr gut zu gebratenen oder gegrillten Gerichten, darunter gesalzener Fisch, gebratener Fisch, gebratenes H\u00e4hnchen und Lalapan, eine Art Gem\u00fcsesalat, der normalerweise roh serviert wird, aber auch gekocht werden kann und normalerweise mit ged\u00e4mpftem Reis und Sambal-Terasi-Chilipaste gegessen wird.<\/p>\n<div><\/div>","protected":false},"excerpt":{"rendered":"<p>Gew\u00fcrzpaste f\u00fcr Sayur Asam (Gem\u00fcse in Tamarindensuppe)<\/p>","protected":false},"featured_media":20215685,"comment_status":"open","ping_status":"closed","template":"","meta":{"om_disable_all_campaigns":false,"_monsterinsights_skip_tracking":false,"_monsterinsights_sitenote_active":false,"_monsterinsights_sitenote_note":"","_monsterinsights_sitenote_category":0},"product_brand":[],"product_cat":[80,88],"product_tag":[288,192],"class_list":{"0":"post-20215684","1":"product","2":"type-product","3":"status-publish","4":"has-post-thumbnail","6":"product_cat-gewuerze","7":"product_cat-angebote","8":"product_tag-bumbu","9":"product_tag-munik","11":"first","12":"outofstock","13":"sale","14":"purchasable","15":"product-type-simple"},"aioseo_notices":[],"_links":{"self":[{"href":"https:\/\/javataste.de\/en\/wp-json\/wp\/v2\/product\/20215684","targetHints":{"allow":["GET"]}}],"collection":[{"href":"https:\/\/javataste.de\/en\/wp-json\/wp\/v2\/product"}],"about":[{"href":"https:\/\/javataste.de\/en\/wp-json\/wp\/v2\/types\/product"}],"replies":[{"embeddable":true,"href":"https:\/\/javataste.de\/en\/wp-json\/wp\/v2\/comments?post=20215684"}],"wp:featuredmedia":[{"embeddable":true,"href":"https:\/\/javataste.de\/en\/wp-json\/wp\/v2\/media\/20215685"}],"wp:attachment":[{"href":"https:\/\/javataste.de\/en\/wp-json\/wp\/v2\/media?parent=20215684"}],"wp:term":[{"taxonomy":"product_brand","embeddable":true,"href":"https:\/\/javataste.de\/en\/wp-json\/wp\/v2\/product_brand?post=20215684"},{"taxonomy":"product_cat","embeddable":true,"href":"https:\/\/javataste.de\/en\/wp-json\/wp\/v2\/product_cat?post=20215684"},{"taxonomy":"product_tag","embeddable":true,"href":"https:\/\/javataste.de\/en\/wp-json\/wp\/v2\/product_tag?post=20215684"}],"curies":[{"name":"wp","href":"https:\/\/api.w.org\/{rel}","templated":true}]}}