{"id":20215682,"date":"2023-05-01T12:41:02","date_gmt":"2023-05-01T10:41:02","guid":{"rendered":"https:\/\/javataste.de\/?post_type=product&#038;p=20215682"},"modified":"2026-04-21T19:16:43","modified_gmt":"2026-04-21T17:16:43","slug":"munik-bumbu-satai-padang-100g","status":"publish","type":"product","link":"https:\/\/javataste.de\/en\/product\/munik-bumbu-satai-padang-100g\/","title":{"rendered":"MUNIK Bumbu Satai Padang 100g"},"content":{"rendered":"<p>Beschreibung:<\/p>\n<p>Gew\u00fcrzpaste f\u00fcr Satai Padang (Padangs Fleischspie\u00dfe). Satay Padang, besser bekannt als Padang Satay, ist eine Fleischspie\u00dfe-Spezialit\u00e4t aus der Minangkabau-K\u00fcche, die aus in kleine W\u00fcrfel geschnittenem Rindfleisch mit w\u00fcrziger Sauce hergestellt wird. Sein Hauptmerkmal ist die dicke gelbe Sauce aus Reismehl, gemischt mit Rinder- und Innereienbr\u00fche, Kurkuma, Ingwer, Knoblauch, Koriander, Galgantwurzel, Kreuzk\u00fcmmel, Currypulver und Salz. Mit instant-Munik Gew\u00fcrzpaste k\u00f6nnen Sie diese alle Zutaten sparen.<\/p>\n<div><\/div>","protected":false},"excerpt":{"rendered":"<p>Gew\u00fcrzpaste f\u00fcr Satai Padang (Padangs Fleischspie\u00dfe)<\/p>","protected":false},"featured_media":20215620,"comment_status":"open","ping_status":"closed","template":"","meta":{"om_disable_all_campaigns":false,"_monsterinsights_skip_tracking":false,"_monsterinsights_sitenote_active":false,"_monsterinsights_sitenote_note":"","_monsterinsights_sitenote_category":0},"product_brand":[],"product_cat":[80,88],"product_tag":[288,192,292],"class_list":{"0":"post-20215682","1":"product","2":"type-product","3":"status-publish","4":"has-post-thumbnail","6":"product_cat-gewuerze","7":"product_cat-angebote","8":"product_tag-bumbu","9":"product_tag-munik","10":"product_tag-sate","12":"first","13":"outofstock","14":"sale","15":"purchasable","16":"product-type-simple"},"aioseo_notices":[],"_links":{"self":[{"href":"https:\/\/javataste.de\/en\/wp-json\/wp\/v2\/product\/20215682","targetHints":{"allow":["GET"]}}],"collection":[{"href":"https:\/\/javataste.de\/en\/wp-json\/wp\/v2\/product"}],"about":[{"href":"https:\/\/javataste.de\/en\/wp-json\/wp\/v2\/types\/product"}],"replies":[{"embeddable":true,"href":"https:\/\/javataste.de\/en\/wp-json\/wp\/v2\/comments?post=20215682"}],"wp:featuredmedia":[{"embeddable":true,"href":"https:\/\/javataste.de\/en\/wp-json\/wp\/v2\/media\/20215620"}],"wp:attachment":[{"href":"https:\/\/javataste.de\/en\/wp-json\/wp\/v2\/media?parent=20215682"}],"wp:term":[{"taxonomy":"product_brand","embeddable":true,"href":"https:\/\/javataste.de\/en\/wp-json\/wp\/v2\/product_brand?post=20215682"},{"taxonomy":"product_cat","embeddable":true,"href":"https:\/\/javataste.de\/en\/wp-json\/wp\/v2\/product_cat?post=20215682"},{"taxonomy":"product_tag","embeddable":true,"href":"https:\/\/javataste.de\/en\/wp-json\/wp\/v2\/product_tag?post=20215682"}],"curies":[{"name":"wp","href":"https:\/\/api.w.org\/{rel}","templated":true}]}}