{"id":20215679,"date":"2023-05-01T12:13:44","date_gmt":"2023-05-01T10:13:44","guid":{"rendered":"https:\/\/javataste.de\/?post_type=product&#038;p=20215679"},"modified":"2025-01-27T10:51:29","modified_gmt":"2025-01-27T09:51:29","slug":"munik-bumbu-pepes-ikan-90g","status":"publish","type":"product","link":"https:\/\/javataste.de\/en\/product\/munik-bumbu-pepes-ikan-90g\/","title":{"rendered":"MUNIK Bumbu Pepes Ikan 90g"},"content":{"rendered":"<p>Beschreibung:<\/p>\n<p>Gew\u00fcrzpaste f\u00fcr Pepes Ikan (gew\u00fcrzten und ged\u00e4mpften Fisch). Pepes ist besonders eine Fischspezialit\u00e4t, obwohl es jetzt viele Kreationen von Pepes aus anderen Zutaten gibt. Trotzdem werden Fischpepes zu einem Gericht, das von vielen Menschen bevorzugt und appetitlich ist. Der Geschmack von Pepes ist k\u00f6stlich, weil er mit vielen Gew\u00fcrzen verarbeitet und allgegenw\u00e4rtig ist. Pepes enthalten auch N\u00e4hrstoffe, die sehr gut f\u00fcr die Gesundheit sind. Wenn Fisch normalerweise so gebraten wird, dass er viel \u00d6l aufnimmt, unterscheidet er sich von Pepes. Diese Spezialit\u00e4t wird durch W\u00fcrzen verarbeitet und mit Bananenbl\u00e4ttern umwickelt und dann ged\u00e4mpft. Es gibt auch solche, die verbrannt oder direkt ohne D\u00e4mpfen verbrannt werden. Diese Beilage aus Fischpepes ist sehr einfach zu Hause zuzubereiten, insbesondere mit Instant-Gew\u00fcrzen aus dieser Munik.<\/p>","protected":false},"excerpt":{"rendered":"<p>Gew\u00fcrzpaste f\u00fcr Pepes Ikan (gew\u00fcrzten und ged\u00e4mpften Fisch)<\/p>","protected":false},"featured_media":20215618,"comment_status":"open","ping_status":"closed","template":"","meta":{"om_disable_all_campaigns":false,"_monsterinsights_skip_tracking":false,"_monsterinsights_sitenote_active":false,"_monsterinsights_sitenote_note":"","_monsterinsights_sitenote_category":0},"product_brand":[],"product_cat":[80,88],"product_tag":[288,192,290],"class_list":{"0":"post-20215679","1":"product","2":"type-product","3":"status-publish","4":"has-post-thumbnail","6":"product_cat-gewuerze","7":"product_cat-angebote","8":"product_tag-bumbu","9":"product_tag-munik","10":"product_tag-pepes","12":"first","13":"outofstock","14":"sale","15":"purchasable","16":"product-type-simple"},"aioseo_notices":[],"_links":{"self":[{"href":"https:\/\/javataste.de\/en\/wp-json\/wp\/v2\/product\/20215679","targetHints":{"allow":["GET"]}}],"collection":[{"href":"https:\/\/javataste.de\/en\/wp-json\/wp\/v2\/product"}],"about":[{"href":"https:\/\/javataste.de\/en\/wp-json\/wp\/v2\/types\/product"}],"replies":[{"embeddable":true,"href":"https:\/\/javataste.de\/en\/wp-json\/wp\/v2\/comments?post=20215679"}],"wp:featuredmedia":[{"embeddable":true,"href":"https:\/\/javataste.de\/en\/wp-json\/wp\/v2\/media\/20215618"}],"wp:attachment":[{"href":"https:\/\/javataste.de\/en\/wp-json\/wp\/v2\/media?parent=20215679"}],"wp:term":[{"taxonomy":"product_brand","embeddable":true,"href":"https:\/\/javataste.de\/en\/wp-json\/wp\/v2\/product_brand?post=20215679"},{"taxonomy":"product_cat","embeddable":true,"href":"https:\/\/javataste.de\/en\/wp-json\/wp\/v2\/product_cat?post=20215679"},{"taxonomy":"product_tag","embeddable":true,"href":"https:\/\/javataste.de\/en\/wp-json\/wp\/v2\/product_tag?post=20215679"}],"curies":[{"name":"wp","href":"https:\/\/api.w.org\/{rel}","templated":true}]}}