{"id":20215678,"date":"2023-05-01T12:06:05","date_gmt":"2023-05-01T10:06:05","guid":{"rendered":"https:\/\/javataste.de\/?post_type=product&#038;p=20215678"},"modified":"2025-01-27T10:51:57","modified_gmt":"2025-01-27T09:51:57","slug":"munik-bumbu-nasi-uduk-68g","status":"publish","type":"product","link":"https:\/\/javataste.de\/en\/product\/munik-bumbu-nasi-uduk-68g\/","title":{"rendered":"MUNIK Bumbu Nasi Uduk 68g"},"content":{"rendered":"<p>Beschreibung:<\/p>\n<p>Gew\u00fcrzpaste f\u00fcr Nasi Uduk (duftigen Reis). Dieses duftende indonesische Reisgericht kombiniert Langkornreis mit Kokosmilch und verschiedenen Gew\u00fcrzen\/Aromen f\u00fcr eine wirklich duftende, cremige und w\u00fcrzige Reisbeilage. Und mit dem sofortigen Munik-Gew\u00fcrz hilft Ihnen diesen duftigen Reis, k\u00f6stlich lecker zu servieren, indem Sie Zeit und M\u00fche sparen.<\/p>","protected":false},"excerpt":{"rendered":"<p>Gew\u00fcrzpaste f\u00fcr Nasi Uduk (duftigen Reis)<\/p>","protected":false},"featured_media":20215616,"comment_status":"open","ping_status":"closed","template":"","meta":{"om_disable_all_campaigns":false,"_monsterinsights_skip_tracking":false,"_monsterinsights_sitenote_active":false,"_monsterinsights_sitenote_note":"","_monsterinsights_sitenote_category":0},"product_brand":[],"product_cat":[80,88],"product_tag":[288,192],"class_list":{"0":"post-20215678","1":"product","2":"type-product","3":"status-publish","4":"has-post-thumbnail","6":"product_cat-gewuerze","7":"product_cat-angebote","8":"product_tag-bumbu","9":"product_tag-munik","11":"first","12":"outofstock","13":"sale","14":"purchasable","15":"product-type-simple"},"aioseo_notices":[],"_links":{"self":[{"href":"https:\/\/javataste.de\/en\/wp-json\/wp\/v2\/product\/20215678","targetHints":{"allow":["GET"]}}],"collection":[{"href":"https:\/\/javataste.de\/en\/wp-json\/wp\/v2\/product"}],"about":[{"href":"https:\/\/javataste.de\/en\/wp-json\/wp\/v2\/types\/product"}],"replies":[{"embeddable":true,"href":"https:\/\/javataste.de\/en\/wp-json\/wp\/v2\/comments?post=20215678"}],"wp:featuredmedia":[{"embeddable":true,"href":"https:\/\/javataste.de\/en\/wp-json\/wp\/v2\/media\/20215616"}],"wp:attachment":[{"href":"https:\/\/javataste.de\/en\/wp-json\/wp\/v2\/media?parent=20215678"}],"wp:term":[{"taxonomy":"product_brand","embeddable":true,"href":"https:\/\/javataste.de\/en\/wp-json\/wp\/v2\/product_brand?post=20215678"},{"taxonomy":"product_cat","embeddable":true,"href":"https:\/\/javataste.de\/en\/wp-json\/wp\/v2\/product_cat?post=20215678"},{"taxonomy":"product_tag","embeddable":true,"href":"https:\/\/javataste.de\/en\/wp-json\/wp\/v2\/product_tag?post=20215678"}],"curies":[{"name":"wp","href":"https:\/\/api.w.org\/{rel}","templated":true}]}}