{"id":20215677,"date":"2023-05-01T11:56:23","date_gmt":"2023-05-01T09:56:23","guid":{"rendered":"https:\/\/javataste.de\/?post_type=product&#038;p=20215677"},"modified":"2025-01-27T10:52:08","modified_gmt":"2025-01-27T09:52:08","slug":"munik-bumbu-nasi-kuning-65g","status":"publish","type":"product","link":"https:\/\/javataste.de\/en\/product\/munik-bumbu-nasi-kuning-65g\/","title":{"rendered":"MUNIK Bumbu Nasi Kuning 65g"},"content":{"rendered":"<p>Beschreibung:<\/p>\n<p>Gew\u00fcrzpaste f\u00fcr Nasi Kuning (Gelben Reis). Gelber Reis ist eines der typischen Spezialit\u00e4tenl in Indonesien. Wie der Name schon sagt, ist gelber Reis der Reis, der eine gelbe Farbe hat, die von nat\u00fcrlichen Farbstoffen, n\u00e4mlich Kurkuma, abgeleitet ist. Dar\u00fcber hinaus schmeckt es auch herzhaft und hat ein duftendes Aroma, was es leicht von gew\u00f6hnlichem Reis unterscheidet. Und mit dem sofortigen Munik-Gew\u00fcrz hilft Ihnen gelber Reis, k\u00f6stlichen leckeren gelben Reis zu servieren, indem Sie Zeit und M\u00fche sparen.<\/p>","protected":false},"excerpt":{"rendered":"<p>Gew\u00fcrzpaste f\u00fcr Nasi Kuning (Gelben Reis)<\/p>","protected":false},"featured_media":20215617,"comment_status":"open","ping_status":"closed","template":"","meta":{"om_disable_all_campaigns":false,"_monsterinsights_skip_tracking":false,"_monsterinsights_sitenote_active":false,"_monsterinsights_sitenote_note":"","_monsterinsights_sitenote_category":0},"product_brand":[],"product_cat":[80,88],"product_tag":[288,192],"class_list":{"0":"post-20215677","1":"product","2":"type-product","3":"status-publish","4":"has-post-thumbnail","6":"product_cat-gewuerze","7":"product_cat-angebote","8":"product_tag-bumbu","9":"product_tag-munik","11":"first","12":"outofstock","13":"sale","14":"purchasable","15":"product-type-simple"},"aioseo_notices":[],"_links":{"self":[{"href":"https:\/\/javataste.de\/en\/wp-json\/wp\/v2\/product\/20215677","targetHints":{"allow":["GET"]}}],"collection":[{"href":"https:\/\/javataste.de\/en\/wp-json\/wp\/v2\/product"}],"about":[{"href":"https:\/\/javataste.de\/en\/wp-json\/wp\/v2\/types\/product"}],"replies":[{"embeddable":true,"href":"https:\/\/javataste.de\/en\/wp-json\/wp\/v2\/comments?post=20215677"}],"wp:featuredmedia":[{"embeddable":true,"href":"https:\/\/javataste.de\/en\/wp-json\/wp\/v2\/media\/20215617"}],"wp:attachment":[{"href":"https:\/\/javataste.de\/en\/wp-json\/wp\/v2\/media?parent=20215677"}],"wp:term":[{"taxonomy":"product_brand","embeddable":true,"href":"https:\/\/javataste.de\/en\/wp-json\/wp\/v2\/product_brand?post=20215677"},{"taxonomy":"product_cat","embeddable":true,"href":"https:\/\/javataste.de\/en\/wp-json\/wp\/v2\/product_cat?post=20215677"},{"taxonomy":"product_tag","embeddable":true,"href":"https:\/\/javataste.de\/en\/wp-json\/wp\/v2\/product_tag?post=20215677"}],"curies":[{"name":"wp","href":"https:\/\/api.w.org\/{rel}","templated":true}]}}