{"id":20215673,"date":"2023-04-30T22:12:51","date_gmt":"2023-04-30T20:12:51","guid":{"rendered":"https:\/\/javataste.de\/?post_type=product&#038;p=20215673"},"modified":"2025-01-27T10:52:18","modified_gmt":"2025-01-27T09:52:18","slug":"munik-bumbu-kuah-bakso-58g","status":"publish","type":"product","link":"https:\/\/javataste.de\/en\/product\/munik-bumbu-kuah-bakso-58g\/","title":{"rendered":"MUNIK Bumbu Kuah Bakso 58g"},"content":{"rendered":"<p>Beschreibung:<\/p>\n<p>Gew\u00fcrzpaste f\u00fcr Kuah Bakso (Fleischb\u00e4llchensuppe). Fleischb\u00e4llchensuppe ist eine Art Fleischb\u00e4llchen, die h\u00e4ufig in der indonesischen K\u00fcche zu finden ist. Fleischb\u00e4llchen werden in der Regel aus einer Mischung aus Rinderhackfleisch und Tapiokamehl hergestellt. In seiner Pr\u00e4sentation werden Fleischb\u00e4llchen in der Regel hei\u00df mit klarer Rinderbr\u00fche serviert, gemischt mit Nudeln, Fadennudeln, Sojasprossen, Tofu, manchmal Eiern und dann mit R\u00f6stzwiebeln und Sellerie bestreut. Fleischb\u00e4llchen sind sehr beliebt und in ganz Indonesien zu finden, von Stra\u00dfenh\u00e4ndlern bis hin zu gro\u00dfen Restaurants.<\/p>","protected":false},"excerpt":{"rendered":"<p>Gew\u00fcrzpaste f\u00fcr Kuah Bakso (Fleischb\u00e4llchensuppe)<\/p>","protected":false},"featured_media":20215615,"comment_status":"open","ping_status":"closed","template":"","meta":{"om_disable_all_campaigns":false,"_monsterinsights_skip_tracking":false,"_monsterinsights_sitenote_active":false,"_monsterinsights_sitenote_note":"","_monsterinsights_sitenote_category":0},"product_brand":[],"product_cat":[80,88],"product_tag":[289,288,192],"class_list":{"0":"post-20215673","1":"product","2":"type-product","3":"status-publish","4":"has-post-thumbnail","6":"product_cat-gewuerze","7":"product_cat-angebote","8":"product_tag-bakso","9":"product_tag-bumbu","10":"product_tag-munik","12":"first","13":"outofstock","14":"sale","15":"purchasable","16":"product-type-simple"},"aioseo_notices":[],"_links":{"self":[{"href":"https:\/\/javataste.de\/en\/wp-json\/wp\/v2\/product\/20215673","targetHints":{"allow":["GET"]}}],"collection":[{"href":"https:\/\/javataste.de\/en\/wp-json\/wp\/v2\/product"}],"about":[{"href":"https:\/\/javataste.de\/en\/wp-json\/wp\/v2\/types\/product"}],"replies":[{"embeddable":true,"href":"https:\/\/javataste.de\/en\/wp-json\/wp\/v2\/comments?post=20215673"}],"wp:featuredmedia":[{"embeddable":true,"href":"https:\/\/javataste.de\/en\/wp-json\/wp\/v2\/media\/20215615"}],"wp:attachment":[{"href":"https:\/\/javataste.de\/en\/wp-json\/wp\/v2\/media?parent=20215673"}],"wp:term":[{"taxonomy":"product_brand","embeddable":true,"href":"https:\/\/javataste.de\/en\/wp-json\/wp\/v2\/product_brand?post=20215673"},{"taxonomy":"product_cat","embeddable":true,"href":"https:\/\/javataste.de\/en\/wp-json\/wp\/v2\/product_cat?post=20215673"},{"taxonomy":"product_tag","embeddable":true,"href":"https:\/\/javataste.de\/en\/wp-json\/wp\/v2\/product_tag?post=20215673"}],"curies":[{"name":"wp","href":"https:\/\/api.w.org\/{rel}","templated":true}]}}