{"id":20215671,"date":"2023-04-30T22:00:45","date_gmt":"2023-04-30T20:00:45","guid":{"rendered":"https:\/\/javataste.de\/?post_type=product&#038;p=20215671"},"modified":"2025-01-27T10:57:31","modified_gmt":"2025-01-27T09:57:31","slug":"munik-bumbu-ayam-woku-135g","status":"publish","type":"product","link":"https:\/\/javataste.de\/en\/product\/munik-bumbu-ayam-woku-135g\/","title":{"rendered":"MUNIK Bumbu Ayam Woku 135g"},"content":{"rendered":"<p>Beschreibung:<\/p>\n<p>Gew\u00fcrzpaste f\u00fcr Woku H\u00e4hnchen. Woku H\u00e4hnchen ist eine verarbeitete Spezialit\u00e4t aus Manado, Nord-Sulawesi. Die Gew\u00fcrze im Woku-H\u00fchnchen-Rezept verwenden viel verschiedene Gew\u00fcrze. Durch die Verwendung dieses Woku Chicken Instant Munik Gew\u00fcrzs k\u00f6nnen Sie viel Zeit und Energie sparen und Woku H\u00fchnchengerichte pr\u00e4sentieren, die garantiert lecker sind.<\/p>","protected":false},"excerpt":{"rendered":"<p>Gew\u00fcrzpaste f\u00fcr Woku H\u00e4hnchen<\/p>","protected":false},"featured_media":20215672,"comment_status":"open","ping_status":"closed","template":"","meta":{"om_disable_all_campaigns":false,"_monsterinsights_skip_tracking":false,"_monsterinsights_sitenote_active":false,"_monsterinsights_sitenote_note":"","_monsterinsights_sitenote_category":0},"product_brand":[],"product_cat":[80,88],"product_tag":[288,192],"class_list":{"0":"post-20215671","1":"product","2":"type-product","3":"status-publish","4":"has-post-thumbnail","6":"product_cat-gewuerze","7":"product_cat-angebote","8":"product_tag-bumbu","9":"product_tag-munik","11":"first","12":"outofstock","13":"sale","14":"purchasable","15":"product-type-simple"},"aioseo_notices":[],"_links":{"self":[{"href":"https:\/\/javataste.de\/en\/wp-json\/wp\/v2\/product\/20215671","targetHints":{"allow":["GET"]}}],"collection":[{"href":"https:\/\/javataste.de\/en\/wp-json\/wp\/v2\/product"}],"about":[{"href":"https:\/\/javataste.de\/en\/wp-json\/wp\/v2\/types\/product"}],"replies":[{"embeddable":true,"href":"https:\/\/javataste.de\/en\/wp-json\/wp\/v2\/comments?post=20215671"}],"wp:featuredmedia":[{"embeddable":true,"href":"https:\/\/javataste.de\/en\/wp-json\/wp\/v2\/media\/20215672"}],"wp:attachment":[{"href":"https:\/\/javataste.de\/en\/wp-json\/wp\/v2\/media?parent=20215671"}],"wp:term":[{"taxonomy":"product_brand","embeddable":true,"href":"https:\/\/javataste.de\/en\/wp-json\/wp\/v2\/product_brand?post=20215671"},{"taxonomy":"product_cat","embeddable":true,"href":"https:\/\/javataste.de\/en\/wp-json\/wp\/v2\/product_cat?post=20215671"},{"taxonomy":"product_tag","embeddable":true,"href":"https:\/\/javataste.de\/en\/wp-json\/wp\/v2\/product_tag?post=20215671"}],"curies":[{"name":"wp","href":"https:\/\/api.w.org\/{rel}","templated":true}]}}