{"id":20215668,"date":"2023-04-30T21:49:34","date_gmt":"2023-04-30T19:49:34","guid":{"rendered":"https:\/\/javataste.de\/?post_type=product&#038;p=20215668"},"modified":"2025-01-27T10:57:42","modified_gmt":"2025-01-27T09:57:42","slug":"munik-bumbu-ayam-panggang-150g","status":"publish","type":"product","link":"https:\/\/javataste.de\/en\/product\/munik-bumbu-ayam-panggang-150g\/","title":{"rendered":"MUNIK Bumbu Ayam Panggang 150g"},"content":{"rendered":"<p>Beschreibung:<\/p>\n<p>Gew\u00fcrzpaste f\u00fcr gegrilltes H\u00e4hnchen. Ayam Panggang (gegrilltes H\u00e4hnchen) ist bei allen Indonesiern sehr beliebt. Sein einzigartiger und w\u00fcrziger Geschmack macht jede Mahlzeit k\u00f6stlich. Ayam Panggang ist ein bekanntes Gericht in jedem indonesischen Haushalt. Jetzt ist es einfacher denn je, sich mit Muniks insantem Gew\u00fcrz zuzubereiten. Jede Packung enth\u00e4lt genug Gew\u00fcrze, um ein ganzes Huhn zu beschichten, und Reste k\u00f6nnen bis zu einem Monat eingefroren werden. Ayam Panggang ist auch sehr lecker mit verschiedenen Salaten.<\/p>","protected":false},"excerpt":{"rendered":"<p>Gew\u00fcrzpaste f\u00fcr gegrilltes H\u00e4hnchen<\/p>","protected":false},"featured_media":20215670,"comment_status":"open","ping_status":"closed","template":"","meta":{"om_disable_all_campaigns":false,"_monsterinsights_skip_tracking":false,"_monsterinsights_sitenote_active":false,"_monsterinsights_sitenote_note":"","_monsterinsights_sitenote_category":0},"product_brand":[],"product_cat":[80,88],"product_tag":[288,192],"class_list":{"0":"post-20215668","1":"product","2":"type-product","3":"status-publish","4":"has-post-thumbnail","6":"product_cat-gewuerze","7":"product_cat-angebote","8":"product_tag-bumbu","9":"product_tag-munik","11":"first","12":"outofstock","13":"sale","14":"purchasable","15":"product-type-simple"},"aioseo_notices":[],"_links":{"self":[{"href":"https:\/\/javataste.de\/en\/wp-json\/wp\/v2\/product\/20215668","targetHints":{"allow":["GET"]}}],"collection":[{"href":"https:\/\/javataste.de\/en\/wp-json\/wp\/v2\/product"}],"about":[{"href":"https:\/\/javataste.de\/en\/wp-json\/wp\/v2\/types\/product"}],"replies":[{"embeddable":true,"href":"https:\/\/javataste.de\/en\/wp-json\/wp\/v2\/comments?post=20215668"}],"wp:featuredmedia":[{"embeddable":true,"href":"https:\/\/javataste.de\/en\/wp-json\/wp\/v2\/media\/20215670"}],"wp:attachment":[{"href":"https:\/\/javataste.de\/en\/wp-json\/wp\/v2\/media?parent=20215668"}],"wp:term":[{"taxonomy":"product_brand","embeddable":true,"href":"https:\/\/javataste.de\/en\/wp-json\/wp\/v2\/product_brand?post=20215668"},{"taxonomy":"product_cat","embeddable":true,"href":"https:\/\/javataste.de\/en\/wp-json\/wp\/v2\/product_cat?post=20215668"},{"taxonomy":"product_tag","embeddable":true,"href":"https:\/\/javataste.de\/en\/wp-json\/wp\/v2\/product_tag?post=20215668"}],"curies":[{"name":"wp","href":"https:\/\/api.w.org\/{rel}","templated":true}]}}