{"id":20215667,"date":"2023-04-30T21:36:02","date_gmt":"2023-04-30T19:36:02","guid":{"rendered":"https:\/\/javataste.de\/?post_type=product&#038;p=20215667"},"modified":"2026-04-21T19:16:45","modified_gmt":"2026-04-21T17:16:45","slug":"munik-bumbu-ayam-goreng-180g","status":"publish","type":"product","link":"https:\/\/javataste.de\/en\/product\/munik-bumbu-ayam-goreng-180g\/","title":{"rendered":"MUNIK Bumbu Ayam Goreng 180g"},"content":{"rendered":"<p>Beschreibung:<\/p>\n<p>Gew\u00fcrzpaste f\u00fcr gebratenes H\u00e4hnchen. Ayam Goreng (Brath\u00e4hnchen) ist bei allen Indonesiern sehr beliebt. Sein einzigartiger und w\u00fcrziger Geschmack macht jede Mahlzeit k\u00f6stlich. Ayam Goreng ist ein bekanntes Gericht in jedem indonesischen Haushalt. Jetzt ist es einfacher denn je, sich mit Muniks insantem Gew\u00fcrz zuzubereiten. Jede Packung enth\u00e4lt genug Gew\u00fcrze, um ein ganzes Huhn zu beschichten, und Reste k\u00f6nnen bis zu einem Monat eingefroren werden. Ayam Goreng ist auch sehr lecker mit Suppe.<\/p>","protected":false},"excerpt":{"rendered":"<p>Gew\u00fcrzpaste f\u00fcr\u00a0 H\u00e4hnchen zum Braten<\/p>","protected":false},"featured_media":20215621,"comment_status":"open","ping_status":"closed","template":"","meta":{"om_disable_all_campaigns":false,"_monsterinsights_skip_tracking":false,"_monsterinsights_sitenote_active":false,"_monsterinsights_sitenote_note":"","_monsterinsights_sitenote_category":0},"product_brand":[],"product_cat":[80,88],"product_tag":[288,192],"class_list":{"0":"post-20215667","1":"product","2":"type-product","3":"status-publish","4":"has-post-thumbnail","6":"product_cat-gewuerze","7":"product_cat-angebote","8":"product_tag-bumbu","9":"product_tag-munik","11":"first","12":"outofstock","13":"sale","14":"purchasable","15":"product-type-simple"},"aioseo_notices":[],"_links":{"self":[{"href":"https:\/\/javataste.de\/en\/wp-json\/wp\/v2\/product\/20215667","targetHints":{"allow":["GET"]}}],"collection":[{"href":"https:\/\/javataste.de\/en\/wp-json\/wp\/v2\/product"}],"about":[{"href":"https:\/\/javataste.de\/en\/wp-json\/wp\/v2\/types\/product"}],"replies":[{"embeddable":true,"href":"https:\/\/javataste.de\/en\/wp-json\/wp\/v2\/comments?post=20215667"}],"wp:featuredmedia":[{"embeddable":true,"href":"https:\/\/javataste.de\/en\/wp-json\/wp\/v2\/media\/20215621"}],"wp:attachment":[{"href":"https:\/\/javataste.de\/en\/wp-json\/wp\/v2\/media?parent=20215667"}],"wp:term":[{"taxonomy":"product_brand","embeddable":true,"href":"https:\/\/javataste.de\/en\/wp-json\/wp\/v2\/product_brand?post=20215667"},{"taxonomy":"product_cat","embeddable":true,"href":"https:\/\/javataste.de\/en\/wp-json\/wp\/v2\/product_cat?post=20215667"},{"taxonomy":"product_tag","embeddable":true,"href":"https:\/\/javataste.de\/en\/wp-json\/wp\/v2\/product_tag?post=20215667"}],"curies":[{"name":"wp","href":"https:\/\/api.w.org\/{rel}","templated":true}]}}