{"id":20215657,"date":"2023-04-30T13:35:55","date_gmt":"2023-04-30T11:35:55","guid":{"rendered":"https:\/\/javataste.de\/?post_type=product&#038;p=20215657"},"modified":"2026-04-21T19:57:58","modified_gmt":"2026-04-21T17:57:58","slug":"kobe-boncabe-level-10-45g","status":"publish","type":"product","link":"https:\/\/javataste.de\/en\/product\/kobe-boncabe-level-10-45g\/","title":{"rendered":"Kobe BonCabe Level 10 45g"},"content":{"rendered":"<p>Erleben Sie als Erster den wahnsinnig w\u00fcrzigen Genuss von BonCabe Level 10 kombiniert mit dem herzhaften und unverwechselbaren Gef\u00fchl von ger\u00e4uchertem Roa-Fisch. Hergestellt aus echtem ger\u00e4uchertem Roa-Fisch, kombiniert mit echten Chilis bester Qualit\u00e4t, die nach h\u00f6chsten Standards verarbeitet werden, sowie den charakteristischen Sambal-Gew\u00fcrzen von BonCabe. Diese neue Geschmacksrichtung wird mit Sicherheit Ihr Favorit.<\/p>","protected":false},"excerpt":{"rendered":"<p>Bon Cabe Level 10 Rasa Ikan Roa von Kobe ist eine w\u00fcrzige Kr\u00e4utermischung aus ausgew\u00e4hlten getrockneten Paprika.<\/p>","protected":false},"featured_media":20215597,"comment_status":"closed","ping_status":"closed","template":"","meta":{"om_disable_all_campaigns":false,"_monsterinsights_skip_tracking":false,"_monsterinsights_sitenote_active":false,"_monsterinsights_sitenote_note":"","_monsterinsights_sitenote_category":0},"product_brand":[],"product_cat":[80],"product_tag":[156,274],"class_list":{"0":"post-20215657","1":"product","2":"type-product","3":"status-publish","4":"has-post-thumbnail","6":"product_cat-gewuerze","7":"product_tag-bon-cabe","8":"product_tag-scharf","10":"first","11":"outofstock","12":"purchasable","13":"product-type-simple"},"aioseo_notices":[],"_links":{"self":[{"href":"https:\/\/javataste.de\/en\/wp-json\/wp\/v2\/product\/20215657","targetHints":{"allow":["GET"]}}],"collection":[{"href":"https:\/\/javataste.de\/en\/wp-json\/wp\/v2\/product"}],"about":[{"href":"https:\/\/javataste.de\/en\/wp-json\/wp\/v2\/types\/product"}],"replies":[{"embeddable":true,"href":"https:\/\/javataste.de\/en\/wp-json\/wp\/v2\/comments?post=20215657"}],"wp:featuredmedia":[{"embeddable":true,"href":"https:\/\/javataste.de\/en\/wp-json\/wp\/v2\/media\/20215597"}],"wp:attachment":[{"href":"https:\/\/javataste.de\/en\/wp-json\/wp\/v2\/media?parent=20215657"}],"wp:term":[{"taxonomy":"product_brand","embeddable":true,"href":"https:\/\/javataste.de\/en\/wp-json\/wp\/v2\/product_brand?post=20215657"},{"taxonomy":"product_cat","embeddable":true,"href":"https:\/\/javataste.de\/en\/wp-json\/wp\/v2\/product_cat?post=20215657"},{"taxonomy":"product_tag","embeddable":true,"href":"https:\/\/javataste.de\/en\/wp-json\/wp\/v2\/product_tag?post=20215657"}],"curies":[{"name":"wp","href":"https:\/\/api.w.org\/{rel}","templated":true}]}}