{"id":20215655,"date":"2023-04-30T13:33:59","date_gmt":"2023-04-30T11:33:59","guid":{"rendered":"https:\/\/javataste.de\/?post_type=product&#038;p=20215655"},"modified":"2026-01-19T22:03:27","modified_gmt":"2026-01-19T21:03:27","slug":"indomie-instant-noodles-shrimp-flavour-70g","status":"publish","type":"product","link":"https:\/\/javataste.de\/en\/product\/indomie-instant-noodles-shrimp-flavour-70g\/","title":{"rendered":"Indomie Instant Noodles Shrimp Flavour 70g"},"content":{"rendered":"<p>Beschreibung:<\/p>\n<p>Indomie ist ein typisch indonesischer instant Nuddel. Es gibt vielfaltige Variante. Besonders sind alle Arte von Indomie sehr lecker und geeignet zum Genie\u00dfen unter unterschiedlichem Wetter und Zeiten.<\/p>\n<p>&nbsp;<\/p>\n<p>Zutaten:<\/p>\n<div>Nudeln: Weizmehl, Raffiniertes Palm\u00f6l (Antioxidationsmittel E319), Salz, S\u00e4ureregulatoren (E452, E501, E500), Verdickungsmittel (E412), Farbe (E101)<\/div>\n<div><\/div>\n<div>W\u00fcrzpulver: Salz, Zucker, Aroma (enth\u00e4lt FISCH, SOJABOHNEN), Knoblauch, Geschmacksverst\u00e4rker (E621, E627, E631), Wei\u00dfer Pfeffer, Chilipulver<\/div>\n<div><\/div>\n<div>Allergenhinweise: Enth\u00e4lt: Gluten (Weizen), Fisch, Soja<\/div>","protected":false},"excerpt":{"rendered":"<p>Indomie ist ein typisch indonesischer instant Nuddel. Es gibt vielfaltige Variante. Besonders sind alle Arte von Indomie sehr lecker und geeignet zum Genie\u00dfen unter unterschiedlichem Wetter und Zeiten.<\/p>\n<p>&nbsp;<\/p>","protected":false},"featured_media":20215601,"comment_status":"open","ping_status":"closed","template":"","meta":{"om_disable_all_campaigns":false,"_monsterinsights_skip_tracking":false,"_monsterinsights_sitenote_active":false,"_monsterinsights_sitenote_note":"","_monsterinsights_sitenote_category":0},"product_brand":[435],"product_cat":[261],"product_tag":[128,275,276,277],"class_list":{"0":"post-20215655","1":"product","2":"type-product","3":"status-publish","4":"has-post-thumbnail","6":"product_brand-indomie","7":"product_cat-nuddel","8":"product_tag-indomie","9":"product_tag-mie","10":"product_tag-noodle","11":"product_tag-nudeln","13":"first","14":"instock","15":"shipping-taxable","16":"purchasable","17":"product-type-simple"},"aioseo_notices":[],"_links":{"self":[{"href":"https:\/\/javataste.de\/en\/wp-json\/wp\/v2\/product\/20215655","targetHints":{"allow":["GET"]}}],"collection":[{"href":"https:\/\/javataste.de\/en\/wp-json\/wp\/v2\/product"}],"about":[{"href":"https:\/\/javataste.de\/en\/wp-json\/wp\/v2\/types\/product"}],"replies":[{"embeddable":true,"href":"https:\/\/javataste.de\/en\/wp-json\/wp\/v2\/comments?post=20215655"}],"wp:featuredmedia":[{"embeddable":true,"href":"https:\/\/javataste.de\/en\/wp-json\/wp\/v2\/media\/20215601"}],"wp:attachment":[{"href":"https:\/\/javataste.de\/en\/wp-json\/wp\/v2\/media?parent=20215655"}],"wp:term":[{"taxonomy":"product_brand","embeddable":true,"href":"https:\/\/javataste.de\/en\/wp-json\/wp\/v2\/product_brand?post=20215655"},{"taxonomy":"product_cat","embeddable":true,"href":"https:\/\/javataste.de\/en\/wp-json\/wp\/v2\/product_cat?post=20215655"},{"taxonomy":"product_tag","embeddable":true,"href":"https:\/\/javataste.de\/en\/wp-json\/wp\/v2\/product_tag?post=20215655"}],"curies":[{"name":"wp","href":"https:\/\/api.w.org\/{rel}","templated":true}]}}