{"id":20215652,"date":"2023-04-30T13:10:31","date_gmt":"2023-04-30T13:10:31","guid":{"rendered":"https:\/\/javataste.de\/?post_type=product&#038;p=20215652"},"modified":"2023-04-30T13:21:44","modified_gmt":"2023-04-30T13:21:44","slug":"cetakan-kue-mangkok-mangkok-kuchen-backform","status":"publish","type":"product","link":"https:\/\/javataste.de\/en\/product\/cetakan-kue-mangkok-mangkok-kuchen-backform\/","title":{"rendered":"Cetakan Kue Mangkok (Mangkok Kuchen Backform)"},"content":{"rendered":"<p>Kue Mangkok oder Kue Mangkuk ist ein indonesischer Kuchen oder traditioneller Snack in Form von ged\u00e4mpftem Cupcake. Kue mangkok bedeutet &#8222;Sch\u00fcssel\/Tassenkuchen&#8220;. Es \u00e4hnelt dem Snack Bolu Kukus (&#8222;ged\u00e4mpfte Torte\/Kuchen&#8220;). W\u00e4hrend beide ein \u00e4hnliches Aussehen haben, ben\u00f6tigt Bolu Kukus nur wenige Zutaten (normalerweise etwa vier bis f\u00fcnf), w\u00e4hrend Kue Kangkok in den meisten Rezepten mehr als ein Dutzend ben\u00f6tigt. Das Ergebnis ist eine andere Textur: Bolu Kukus ist weich und flauschig, w\u00e4hrend Kue Mangkok eine raue Textur hat [wikipedia]. Um diesen Kuchen zum Formen zu vereinfachen, bedient dieser Zubeh\u00f6r.<\/p>","protected":false},"excerpt":{"rendered":"<p>Kue Mangkok oder Kue Mangkuk ist ein indonesischer Kuchen oder traditioneller Snack in Form von ged\u00e4mpftem Cupcake<\/p>","protected":false},"featured_media":20215625,"comment_status":"open","ping_status":"closed","template":"","meta":{"om_disable_all_campaigns":false,"_monsterinsights_skip_tracking":false,"_monsterinsights_sitenote_active":false,"_monsterinsights_sitenote_note":"","_monsterinsights_sitenote_category":0},"product_brand":[],"product_cat":[152],"product_tag":[259],"class_list":{"0":"post-20215652","1":"product","2":"type-product","3":"status-publish","4":"has-post-thumbnail","6":"product_cat-zubehoer","7":"product_tag-backform","9":"first","10":"instock","11":"shipping-taxable","12":"purchasable","13":"product-type-simple"},"aioseo_notices":[],"_links":{"self":[{"href":"https:\/\/javataste.de\/en\/wp-json\/wp\/v2\/product\/20215652","targetHints":{"allow":["GET"]}}],"collection":[{"href":"https:\/\/javataste.de\/en\/wp-json\/wp\/v2\/product"}],"about":[{"href":"https:\/\/javataste.de\/en\/wp-json\/wp\/v2\/types\/product"}],"replies":[{"embeddable":true,"href":"https:\/\/javataste.de\/en\/wp-json\/wp\/v2\/comments?post=20215652"}],"wp:featuredmedia":[{"embeddable":true,"href":"https:\/\/javataste.de\/en\/wp-json\/wp\/v2\/media\/20215625"}],"wp:attachment":[{"href":"https:\/\/javataste.de\/en\/wp-json\/wp\/v2\/media?parent=20215652"}],"wp:term":[{"taxonomy":"product_brand","embeddable":true,"href":"https:\/\/javataste.de\/en\/wp-json\/wp\/v2\/product_brand?post=20215652"},{"taxonomy":"product_cat","embeddable":true,"href":"https:\/\/javataste.de\/en\/wp-json\/wp\/v2\/product_cat?post=20215652"},{"taxonomy":"product_tag","embeddable":true,"href":"https:\/\/javataste.de\/en\/wp-json\/wp\/v2\/product_tag?post=20215652"}],"curies":[{"name":"wp","href":"https:\/\/api.w.org\/{rel}","templated":true}]}}