{"id":20215646,"date":"2023-04-30T12:15:29","date_gmt":"2023-04-30T12:15:29","guid":{"rendered":"https:\/\/javataste.de\/?post_type=product&#038;p=20215646"},"modified":"2026-03-01T00:32:25","modified_gmt":"2026-02-28T23:32:25","slug":"cap-lang-minyak-telon-60ml","status":"publish","type":"product","link":"https:\/\/javataste.de\/en\/product\/cap-lang-minyak-telon-60ml\/","title":{"rendered":"Cap Lang Minyak Telon 60ml"},"content":{"rendered":"<p><a href=\"https:\/\/javataste.de\/wp-content\/uploads\/2023\/04\/20230429_155609-scaled.jpg\"><img loading=\"lazy\" decoding=\"async\" class=\"alignnone size-medium wp-image-20215607\" src=\"https:\/\/javataste.de\/wp-content\/uploads\/2023\/04\/20230429_155609-300x400.jpg\" alt=\"\" width=\"300\" height=\"400\" srcset=\"https:\/\/javataste.de\/wp-content\/uploads\/2023\/04\/20230429_155609-300x400.jpg 300w, https:\/\/javataste.de\/wp-content\/uploads\/2023\/04\/20230429_155609-scaled-510x680.jpg 510w, https:\/\/javataste.de\/wp-content\/uploads\/2023\/04\/20230429_155609-600x800.jpg 600w, https:\/\/javataste.de\/wp-content\/uploads\/2023\/04\/20230429_155609-768x1024.jpg 768w, https:\/\/javataste.de\/wp-content\/uploads\/2023\/04\/20230429_155609-1152x1536.jpg 1152w, https:\/\/javataste.de\/wp-content\/uploads\/2023\/04\/20230429_155609-1536x2048.jpg 1536w, https:\/\/javataste.de\/wp-content\/uploads\/2023\/04\/20230429_155609-9x12.jpg 9w, https:\/\/javataste.de\/wp-content\/uploads\/2023\/04\/20230429_155609-scaled.jpg 1920w\" sizes=\"auto, (max-width: 300px) 100vw, 300px\" \/><\/a><\/p>\n<p>Beschreibung:<\/p>\n<p>Medizinische aromatherapie \u00d6l besonders f\u00fcr Baby und Kinder<\/p>\n<p>Zutaten:<\/p>\n<p>Anis \u00d6l, Cajuputi \u00d6l, Kokus \u00d6l<\/p>","protected":false},"excerpt":{"rendered":"<p><a href=\"https:\/\/javataste.de\/wp-content\/uploads\/2023\/04\/20230429_155609-1-scaled.jpg\"><img loading=\"lazy\" decoding=\"async\" class=\"size-medium wp-image-20215647 aligncenter\" src=\"https:\/\/javataste.de\/wp-content\/uploads\/2023\/04\/20230429_155609-1-300x400.jpg\" alt=\"\" width=\"300\" height=\"400\" srcset=\"https:\/\/javataste.de\/wp-content\/uploads\/2023\/04\/20230429_155609-1-300x400.jpg 300w, https:\/\/javataste.de\/wp-content\/uploads\/2023\/04\/20230429_155609-1-scaled-510x680.jpg 510w, https:\/\/javataste.de\/wp-content\/uploads\/2023\/04\/20230429_155609-1-600x800.jpg 600w, https:\/\/javataste.de\/wp-content\/uploads\/2023\/04\/20230429_155609-1-768x1024.jpg 768w, https:\/\/javataste.de\/wp-content\/uploads\/2023\/04\/20230429_155609-1-1152x1536.jpg 1152w, https:\/\/javataste.de\/wp-content\/uploads\/2023\/04\/20230429_155609-1-1536x2048.jpg 1536w, https:\/\/javataste.de\/wp-content\/uploads\/2023\/04\/20230429_155609-1-9x12.jpg 9w, https:\/\/javataste.de\/wp-content\/uploads\/2023\/04\/20230429_155609-1-scaled.jpg 1920w\" sizes=\"auto, (max-width: 300px) 100vw, 300px\" \/><\/a><\/p>\n<p style=\"text-align: center;\">Medizinische aromatherapie \u00d6l besonders f\u00fcr Baby und Kinder<\/p>","protected":false},"featured_media":20215607,"comment_status":"open","ping_status":"closed","template":"","meta":{"om_disable_all_campaigns":false,"_monsterinsights_skip_tracking":false,"_monsterinsights_sitenote_active":false,"_monsterinsights_sitenote_note":"","_monsterinsights_sitenote_category":0},"product_brand":[],"product_cat":[257],"product_tag":[258],"class_list":{"0":"post-20215646","1":"product","2":"type-product","3":"status-publish","4":"has-post-thumbnail","6":"product_cat-drogerie","7":"product_tag-cap-lang","9":"first","10":"instock","11":"sale","12":"shipping-taxable","13":"purchasable","14":"product-type-simple"},"aioseo_notices":[],"_links":{"self":[{"href":"https:\/\/javataste.de\/en\/wp-json\/wp\/v2\/product\/20215646","targetHints":{"allow":["GET"]}}],"collection":[{"href":"https:\/\/javataste.de\/en\/wp-json\/wp\/v2\/product"}],"about":[{"href":"https:\/\/javataste.de\/en\/wp-json\/wp\/v2\/types\/product"}],"replies":[{"embeddable":true,"href":"https:\/\/javataste.de\/en\/wp-json\/wp\/v2\/comments?post=20215646"}],"wp:featuredmedia":[{"embeddable":true,"href":"https:\/\/javataste.de\/en\/wp-json\/wp\/v2\/media\/20215607"}],"wp:attachment":[{"href":"https:\/\/javataste.de\/en\/wp-json\/wp\/v2\/media?parent=20215646"}],"wp:term":[{"taxonomy":"product_brand","embeddable":true,"href":"https:\/\/javataste.de\/en\/wp-json\/wp\/v2\/product_brand?post=20215646"},{"taxonomy":"product_cat","embeddable":true,"href":"https:\/\/javataste.de\/en\/wp-json\/wp\/v2\/product_cat?post=20215646"},{"taxonomy":"product_tag","embeddable":true,"href":"https:\/\/javataste.de\/en\/wp-json\/wp\/v2\/product_tag?post=20215646"}],"curies":[{"name":"wp","href":"https:\/\/api.w.org\/{rel}","templated":true}]}}