{"id":20215637,"date":"2023-04-30T11:20:41","date_gmt":"2023-04-30T09:20:41","guid":{"rendered":"https:\/\/javataste.de\/?post_type=product&#038;p=20215637"},"modified":"2026-04-21T19:16:46","modified_gmt":"2026-04-21T17:16:46","slug":"cap-ibu-bumbu-soto-ayam-230gr","status":"publish","type":"product","link":"https:\/\/javataste.de\/en\/product\/cap-ibu-bumbu-soto-ayam-230gr\/","title":{"rendered":"Cap Ibu Bumbu Soto Ayam 230gr"},"content":{"rendered":"<p><a href=\"https:\/\/javataste.de\/wp-content\/uploads\/2023\/04\/20230429_155052-scaled.jpg\"><img loading=\"lazy\" decoding=\"async\" class=\"alignnone size-medium wp-image-20215638\" src=\"https:\/\/javataste.de\/wp-content\/uploads\/2023\/04\/20230429_155052-300x400.jpg\" alt=\"\" width=\"300\" height=\"400\" srcset=\"https:\/\/javataste.de\/wp-content\/uploads\/2023\/04\/20230429_155052-300x400.jpg 300w, https:\/\/javataste.de\/wp-content\/uploads\/2023\/04\/20230429_155052-scaled-510x680.jpg 510w, https:\/\/javataste.de\/wp-content\/uploads\/2023\/04\/20230429_155052-600x800.jpg 600w, https:\/\/javataste.de\/wp-content\/uploads\/2023\/04\/20230429_155052-768x1024.jpg 768w, https:\/\/javataste.de\/wp-content\/uploads\/2023\/04\/20230429_155052-1152x1536.jpg 1152w, https:\/\/javataste.de\/wp-content\/uploads\/2023\/04\/20230429_155052-1536x2048.jpg 1536w, https:\/\/javataste.de\/wp-content\/uploads\/2023\/04\/20230429_155052-9x12.jpg 9w, https:\/\/javataste.de\/wp-content\/uploads\/2023\/04\/20230429_155052-scaled.jpg 1920w\" sizes=\"auto, (max-width: 300px) 100vw, 300px\" \/><\/a><\/p>\n<p>Beschreibung:<\/p>\n<p>Gew\u00fcrz f\u00fcr traditionelle indonesische H\u00e4hnchensuppe &#8222;Soto Ayam&#8220;<\/p>\n<p>&nbsp;<\/p>\n<p>Zutaten:<\/p>\n<p>Knoblauch, Schalotte, Kemiri(nuss), Ingwer, Kurkuma, Koriander, Zitronengrasspulver, Salz, Pflanzen\u00f6l, Konservierungsmittel<\/p>","protected":false},"excerpt":{"rendered":"<p><a href=\"https:\/\/javataste.de\/wp-content\/uploads\/2023\/04\/20230429_155052-scaled.jpg\"><img loading=\"lazy\" decoding=\"async\" class=\"size-medium wp-image-20215638 aligncenter\" src=\"https:\/\/javataste.de\/wp-content\/uploads\/2023\/04\/20230429_155052-300x400.jpg\" alt=\"\" width=\"300\" height=\"400\" srcset=\"https:\/\/javataste.de\/wp-content\/uploads\/2023\/04\/20230429_155052-300x400.jpg 300w, https:\/\/javataste.de\/wp-content\/uploads\/2023\/04\/20230429_155052-scaled-510x680.jpg 510w, https:\/\/javataste.de\/wp-content\/uploads\/2023\/04\/20230429_155052-600x800.jpg 600w, https:\/\/javataste.de\/wp-content\/uploads\/2023\/04\/20230429_155052-768x1024.jpg 768w, https:\/\/javataste.de\/wp-content\/uploads\/2023\/04\/20230429_155052-1152x1536.jpg 1152w, https:\/\/javataste.de\/wp-content\/uploads\/2023\/04\/20230429_155052-1536x2048.jpg 1536w, https:\/\/javataste.de\/wp-content\/uploads\/2023\/04\/20230429_155052-9x12.jpg 9w, https:\/\/javataste.de\/wp-content\/uploads\/2023\/04\/20230429_155052-scaled.jpg 1920w\" sizes=\"auto, (max-width: 300px) 100vw, 300px\" \/><\/a><\/p>\n<p>&nbsp;<\/p>\n<p style=\"text-align: center;\">Gew\u00fcrz f\u00fcr traditionelle indonesische H\u00e4hnchensuppe &#8222;Soto Ayam&#8220;<\/p>","protected":false},"featured_media":20215638,"comment_status":"open","ping_status":"closed","template":"","meta":{"om_disable_all_campaigns":false,"_monsterinsights_skip_tracking":false,"_monsterinsights_sitenote_active":false,"_monsterinsights_sitenote_note":"","_monsterinsights_sitenote_category":0},"product_brand":[],"product_cat":[80],"product_tag":[255],"class_list":{"0":"post-20215637","1":"product","2":"type-product","3":"status-publish","4":"has-post-thumbnail","6":"product_cat-gewuerze","7":"product_tag-cap-ibu","9":"first","10":"outofstock","11":"sale","12":"shipping-taxable","13":"purchasable","14":"product-type-simple"},"aioseo_notices":[],"_links":{"self":[{"href":"https:\/\/javataste.de\/en\/wp-json\/wp\/v2\/product\/20215637","targetHints":{"allow":["GET"]}}],"collection":[{"href":"https:\/\/javataste.de\/en\/wp-json\/wp\/v2\/product"}],"about":[{"href":"https:\/\/javataste.de\/en\/wp-json\/wp\/v2\/types\/product"}],"replies":[{"embeddable":true,"href":"https:\/\/javataste.de\/en\/wp-json\/wp\/v2\/comments?post=20215637"}],"wp:featuredmedia":[{"embeddable":true,"href":"https:\/\/javataste.de\/en\/wp-json\/wp\/v2\/media\/20215638"}],"wp:attachment":[{"href":"https:\/\/javataste.de\/en\/wp-json\/wp\/v2\/media?parent=20215637"}],"wp:term":[{"taxonomy":"product_brand","embeddable":true,"href":"https:\/\/javataste.de\/en\/wp-json\/wp\/v2\/product_brand?post=20215637"},{"taxonomy":"product_cat","embeddable":true,"href":"https:\/\/javataste.de\/en\/wp-json\/wp\/v2\/product_cat?post=20215637"},{"taxonomy":"product_tag","embeddable":true,"href":"https:\/\/javataste.de\/en\/wp-json\/wp\/v2\/product_tag?post=20215637"}],"curies":[{"name":"wp","href":"https:\/\/api.w.org\/{rel}","templated":true}]}}