{"id":20215633,"date":"2023-04-30T10:16:25","date_gmt":"2023-04-30T08:16:25","guid":{"rendered":"https:\/\/javataste.de\/?post_type=product&#038;p=20215633"},"modified":"2025-01-27T10:58:50","modified_gmt":"2025-01-27T09:58:50","slug":"cap-ibu-bumbu-laksa-230gr","status":"publish","type":"product","link":"https:\/\/javataste.de\/en\/product\/cap-ibu-bumbu-laksa-230gr\/","title":{"rendered":"Cap Ibu Bumbu Laksa 230gr"},"content":{"rendered":"<p><a href=\"https:\/\/javataste.de\/wp-content\/uploads\/2023\/04\/20230429_155039-1-scaled.jpg\"><img loading=\"lazy\" decoding=\"async\" class=\"wp-image-20215636 aligncenter\" src=\"https:\/\/javataste.de\/wp-content\/uploads\/2023\/04\/20230429_155039-1-300x400.jpg\" alt=\"\" width=\"299\" height=\"399\" srcset=\"https:\/\/javataste.de\/wp-content\/uploads\/2023\/04\/20230429_155039-1-300x400.jpg 300w, https:\/\/javataste.de\/wp-content\/uploads\/2023\/04\/20230429_155039-1-scaled-510x680.jpg 510w, https:\/\/javataste.de\/wp-content\/uploads\/2023\/04\/20230429_155039-1-600x800.jpg 600w, https:\/\/javataste.de\/wp-content\/uploads\/2023\/04\/20230429_155039-1-768x1024.jpg 768w, https:\/\/javataste.de\/wp-content\/uploads\/2023\/04\/20230429_155039-1-1152x1536.jpg 1152w, https:\/\/javataste.de\/wp-content\/uploads\/2023\/04\/20230429_155039-1-1536x2048.jpg 1536w, https:\/\/javataste.de\/wp-content\/uploads\/2023\/04\/20230429_155039-1-9x12.jpg 9w, https:\/\/javataste.de\/wp-content\/uploads\/2023\/04\/20230429_155039-1-scaled.jpg 1920w\" sizes=\"auto, (max-width: 299px) 100vw, 299px\" \/><\/a><\/p>\n<p>Beschreibung:<\/p>\n<p>Gew\u00fcrz f\u00fcr traditionelle Nuddelsuppe &#8222;Laksa&#8220;<\/p>\n<p>Zutaten:<\/p>\n<p>Schalotte, Knoblauch, Chili, Kemiri(nuss), Kurkuma, Ingwer, Zitronengraspulver, Koriander, Pfeffer, Zucker, Salz, Pflanzen\u00f6l, \u00d6l, Palm\u00f6l, Geschmacksverst\u00e4rker, Konservierungsmittel<\/p>\n<p>&nbsp;<\/p>","protected":false},"excerpt":{"rendered":"<p><a href=\"https:\/\/javataste.de\/wp-content\/uploads\/2023\/04\/20230429_155039-scaled.jpg\"><img loading=\"lazy\" decoding=\"async\" class=\"size-medium wp-image-20215631 aligncenter\" src=\"https:\/\/javataste.de\/wp-content\/uploads\/2023\/04\/20230429_155039-300x400.jpg\" alt=\"Cap Ibu Bumbu Laksa 230gr\" width=\"300\" height=\"400\" srcset=\"https:\/\/javataste.de\/wp-content\/uploads\/2023\/04\/20230429_155039-300x400.jpg 300w, https:\/\/javataste.de\/wp-content\/uploads\/2023\/04\/20230429_155039-scaled-510x680.jpg 510w, https:\/\/javataste.de\/wp-content\/uploads\/2023\/04\/20230429_155039-600x800.jpg 600w, https:\/\/javataste.de\/wp-content\/uploads\/2023\/04\/20230429_155039-768x1024.jpg 768w, https:\/\/javataste.de\/wp-content\/uploads\/2023\/04\/20230429_155039-1152x1536.jpg 1152w, https:\/\/javataste.de\/wp-content\/uploads\/2023\/04\/20230429_155039-1536x2048.jpg 1536w, https:\/\/javataste.de\/wp-content\/uploads\/2023\/04\/20230429_155039-9x12.jpg 9w, https:\/\/javataste.de\/wp-content\/uploads\/2023\/04\/20230429_155039-scaled.jpg 1920w\" sizes=\"auto, (max-width: 300px) 100vw, 300px\" \/><\/a><\/p>\n<p style=\"text-align: center;\">Gew\u00fcrz f\u00fcr traditionelle Nuddelsuppe &#8222;Laksa&#8220;<\/p>","protected":false},"featured_media":20215629,"comment_status":"open","ping_status":"closed","template":"","meta":{"om_disable_all_campaigns":false,"_monsterinsights_skip_tracking":false,"_monsterinsights_sitenote_active":false,"_monsterinsights_sitenote_note":"","_monsterinsights_sitenote_category":0},"product_brand":[],"product_cat":[80],"product_tag":[255],"class_list":{"0":"post-20215633","1":"product","2":"type-product","3":"status-publish","4":"has-post-thumbnail","6":"product_cat-gewuerze","7":"product_tag-cap-ibu","9":"first","10":"outofstock","11":"sale","12":"shipping-taxable","13":"purchasable","14":"product-type-simple"},"aioseo_notices":[],"_links":{"self":[{"href":"https:\/\/javataste.de\/en\/wp-json\/wp\/v2\/product\/20215633","targetHints":{"allow":["GET"]}}],"collection":[{"href":"https:\/\/javataste.de\/en\/wp-json\/wp\/v2\/product"}],"about":[{"href":"https:\/\/javataste.de\/en\/wp-json\/wp\/v2\/types\/product"}],"replies":[{"embeddable":true,"href":"https:\/\/javataste.de\/en\/wp-json\/wp\/v2\/comments?post=20215633"}],"wp:featuredmedia":[{"embeddable":true,"href":"https:\/\/javataste.de\/en\/wp-json\/wp\/v2\/media\/20215629"}],"wp:attachment":[{"href":"https:\/\/javataste.de\/en\/wp-json\/wp\/v2\/media?parent=20215633"}],"wp:term":[{"taxonomy":"product_brand","embeddable":true,"href":"https:\/\/javataste.de\/en\/wp-json\/wp\/v2\/product_brand?post=20215633"},{"taxonomy":"product_cat","embeddable":true,"href":"https:\/\/javataste.de\/en\/wp-json\/wp\/v2\/product_cat?post=20215633"},{"taxonomy":"product_tag","embeddable":true,"href":"https:\/\/javataste.de\/en\/wp-json\/wp\/v2\/product_tag?post=20215633"}],"curies":[{"name":"wp","href":"https:\/\/api.w.org\/{rel}","templated":true}]}}