{"id":20215286,"date":"2021-10-13T19:23:36","date_gmt":"2021-10-13T17:23:36","guid":{"rendered":"https:\/\/javataste.de\/?post_type=product&#038;p=20215286"},"modified":"2025-01-27T11:00:06","modified_gmt":"2025-01-27T10:00:06","slug":"royco-ayam-230gr","status":"publish","type":"product","link":"https:\/\/javataste.de\/en\/product\/royco-ayam-230gr\/","title":{"rendered":"Royco Ayam 230gr"},"content":{"rendered":"","protected":false},"excerpt":{"rendered":"<p>Royco Rasa Ayam Chicken Seasoning Powder 230gr H\u00fchnerbr\u00fche Pulver. Royco ist eine bekannte Br\u00fchenmarke in Indonesien. Es wird oft in allen Arten von Gerichten und Suppen verwendet, um einen k\u00f6stlichen Geschmack zu verleihen. <\/p>","protected":false},"featured_media":20215283,"comment_status":"open","ping_status":"closed","template":"","meta":{"om_disable_all_campaigns":false,"_monsterinsights_skip_tracking":false,"_monsterinsights_sitenote_active":false,"_monsterinsights_sitenote_note":"","_monsterinsights_sitenote_category":0},"product_brand":[],"product_cat":[79],"product_tag":[183],"class_list":{"0":"post-20215286","1":"product","2":"type-product","3":"status-publish","4":"has-post-thumbnail","6":"product_cat-lebensmittel","7":"product_tag-royco","9":"first","10":"outofstock","11":"purchasable","12":"product-type-simple"},"aioseo_notices":[],"_links":{"self":[{"href":"https:\/\/javataste.de\/en\/wp-json\/wp\/v2\/product\/20215286","targetHints":{"allow":["GET"]}}],"collection":[{"href":"https:\/\/javataste.de\/en\/wp-json\/wp\/v2\/product"}],"about":[{"href":"https:\/\/javataste.de\/en\/wp-json\/wp\/v2\/types\/product"}],"replies":[{"embeddable":true,"href":"https:\/\/javataste.de\/en\/wp-json\/wp\/v2\/comments?post=20215286"}],"wp:featuredmedia":[{"embeddable":true,"href":"https:\/\/javataste.de\/en\/wp-json\/wp\/v2\/media\/20215283"}],"wp:attachment":[{"href":"https:\/\/javataste.de\/en\/wp-json\/wp\/v2\/media?parent=20215286"}],"wp:term":[{"taxonomy":"product_brand","embeddable":true,"href":"https:\/\/javataste.de\/en\/wp-json\/wp\/v2\/product_brand?post=20215286"},{"taxonomy":"product_cat","embeddable":true,"href":"https:\/\/javataste.de\/en\/wp-json\/wp\/v2\/product_cat?post=20215286"},{"taxonomy":"product_tag","embeddable":true,"href":"https:\/\/javataste.de\/en\/wp-json\/wp\/v2\/product_tag?post=20215286"}],"curies":[{"name":"wp","href":"https:\/\/api.w.org\/{rel}","templated":true}]}}