{"id":20215274,"date":"2021-10-13T19:17:03","date_gmt":"2021-10-13T17:17:03","guid":{"rendered":"https:\/\/javataste.de\/?post_type=product&#038;p=20215274"},"modified":"2026-04-27T21:23:19","modified_gmt":"2026-04-27T19:23:19","slug":"salonpas-hisamitsu-schmerzlinderung-waermepflaster-hot","status":"publish","type":"product","link":"https:\/\/javataste.de\/en\/product\/salonpas-hisamitsu-schmerzlinderung-waermepflaster-hot\/","title":{"rendered":"SALONPAS Hisamitsu Schmerzlinderung W\u00e4rmepflaster hot 12&#215;1"},"content":{"rendered":"<p><strong>Gro\u00dfes, unparf\u00fcmiertes Schmerzpflaster mit stimulierendem Capsaicin<\/strong><\/p>\n<p><sup>Salonpas\u00ae<\/sup> HOT enth\u00e4lt Capsaicin, ein unparf\u00fcmiertes topisches Analgetikum. Es wird aus Chilischoten gewonnen und sorgt f\u00fcr ein w\u00e4rmendes Gef\u00fchl zur Schmerzlinderung. <sup>Salonpas\u00ae<\/sup> HOT kann bis zu 8 Stunden lang angewendet werden.<\/p>\n<p>&nbsp;<\/p>\n<p><strong>Large, unscented pain relief patch with stimulating capsaicin<\/strong><\/p>\n<p>Salonpas<sup>\u00ae<\/sup>\u00a0HOT contains Capsaicin, an unscented topical analgesic. It is derived from chili peppers and provides a warming sensation to relieve pain. Salonpas<sup>\u00ae<\/sup>\u00a0HOT can be applied for up to 8 hours.<\/p>","protected":false},"excerpt":{"rendered":"<p><strong>Gro\u00dfes, unparf\u00fcmiertes Schmerzpflaster mit stimulierendem Capsaicin<\/strong><\/p>\n<p>Preis per P\u00e4ckchen mit jeweils 12 Pflastern (12x42mmx65mm)<\/p>","protected":false},"featured_media":20216159,"comment_status":"open","ping_status":"closed","template":"","meta":{"om_disable_all_campaigns":false,"_monsterinsights_skip_tracking":false,"_monsterinsights_sitenote_active":false,"_monsterinsights_sitenote_note":"","_monsterinsights_sitenote_category":0},"product_brand":[],"product_cat":[257,153],"product_tag":[295,191,297,190,296],"class_list":{"0":"post-20215274","1":"product","2":"type-product","3":"status-publish","4":"has-post-thumbnail","6":"product_cat-drogerie","7":"product_cat-sonstiges","8":"product_tag-hisamitsu","9":"product_tag-koyo","10":"product_tag-pflaster","11":"product_tag-salonpas","12":"product_tag-schmerzlinderung","14":"first","15":"instock","16":"purchasable","17":"product-type-simple"},"aioseo_notices":[],"_links":{"self":[{"href":"https:\/\/javataste.de\/en\/wp-json\/wp\/v2\/product\/20215274","targetHints":{"allow":["GET"]}}],"collection":[{"href":"https:\/\/javataste.de\/en\/wp-json\/wp\/v2\/product"}],"about":[{"href":"https:\/\/javataste.de\/en\/wp-json\/wp\/v2\/types\/product"}],"replies":[{"embeddable":true,"href":"https:\/\/javataste.de\/en\/wp-json\/wp\/v2\/comments?post=20215274"}],"wp:featuredmedia":[{"embeddable":true,"href":"https:\/\/javataste.de\/en\/wp-json\/wp\/v2\/media\/20216159"}],"wp:attachment":[{"href":"https:\/\/javataste.de\/en\/wp-json\/wp\/v2\/media?parent=20215274"}],"wp:term":[{"taxonomy":"product_brand","embeddable":true,"href":"https:\/\/javataste.de\/en\/wp-json\/wp\/v2\/product_brand?post=20215274"},{"taxonomy":"product_cat","embeddable":true,"href":"https:\/\/javataste.de\/en\/wp-json\/wp\/v2\/product_cat?post=20215274"},{"taxonomy":"product_tag","embeddable":true,"href":"https:\/\/javataste.de\/en\/wp-json\/wp\/v2\/product_tag?post=20215274"}],"curies":[{"name":"wp","href":"https:\/\/api.w.org\/{rel}","templated":true}]}}