{"id":20215267,"date":"2021-10-13T19:16:59","date_gmt":"2021-10-13T17:16:59","guid":{"rendered":"https:\/\/javataste.de\/?post_type=product&#038;p=20215267"},"modified":"2025-01-27T11:01:49","modified_gmt":"2025-01-27T10:01:49","slug":"bihunku-instant-bihun-ayam-bw-55gr","status":"publish","type":"product","link":"https:\/\/javataste.de\/en\/product\/bihunku-instant-bihun-ayam-bw-55gr\/","title":{"rendered":"BIHUNKU Instant Bihun AYAM Bw 55gr"},"content":{"rendered":"<p>Zutaten:<br \/>\nNudel aus Maisst\u00e4rke, Reis, Tapiokast\u00e4rke, Gem\u00fcseemulgator, Gem\u00fcseverdicker, Phosphatstabilisator<br \/>\nGew\u00fcrze:<br \/>\nSalz, Zucker, H\u00fchnerzwiebelgew\u00fcrz, (Enth\u00e4lt Geschmacksverst\u00e4rker Mononatriumglutamat, 5-rbonukleotid-dinatrium, Pflanzliche Proteinhydrolysate, Antioxidative Tocophereole, Ascorbylpalmitat und Ascorbins\u00e4ure), Geschmacksverst\u00e4rker (Mononatriumglutamat, Dinatriuminosinat und Guanylat), Pulverisierte Rote Zwiebel, Pulverisierter Knoblauch, Getrockneter Lauch, Pfefferpulver, Getrocknete Selleriebl\u00e4tter, Gew\u00fcrz\u00f6l: Pflanzen\u00f6l, Chilipulver<\/p>","protected":false},"excerpt":{"rendered":"<p>Gesundes und leckeres H\u00e4nchen Instant Nudel Gericht von BIHUNKU<\/p>","protected":false},"featured_media":20215212,"comment_status":"open","ping_status":"closed","template":"","meta":{"om_disable_all_campaigns":false,"_monsterinsights_skip_tracking":false,"_monsterinsights_sitenote_active":false,"_monsterinsights_sitenote_note":"","_monsterinsights_sitenote_category":0},"product_brand":[],"product_cat":[79],"product_tag":[189],"class_list":{"0":"post-20215267","1":"product","2":"type-product","3":"status-publish","4":"has-post-thumbnail","6":"product_cat-lebensmittel","7":"product_tag-bihunku","9":"first","10":"outofstock","11":"purchasable","12":"product-type-simple"},"aioseo_notices":[],"_links":{"self":[{"href":"https:\/\/javataste.de\/en\/wp-json\/wp\/v2\/product\/20215267","targetHints":{"allow":["GET"]}}],"collection":[{"href":"https:\/\/javataste.de\/en\/wp-json\/wp\/v2\/product"}],"about":[{"href":"https:\/\/javataste.de\/en\/wp-json\/wp\/v2\/types\/product"}],"replies":[{"embeddable":true,"href":"https:\/\/javataste.de\/en\/wp-json\/wp\/v2\/comments?post=20215267"}],"wp:featuredmedia":[{"embeddable":true,"href":"https:\/\/javataste.de\/en\/wp-json\/wp\/v2\/media\/20215212"}],"wp:attachment":[{"href":"https:\/\/javataste.de\/en\/wp-json\/wp\/v2\/media?parent=20215267"}],"wp:term":[{"taxonomy":"product_brand","embeddable":true,"href":"https:\/\/javataste.de\/en\/wp-json\/wp\/v2\/product_brand?post=20215267"},{"taxonomy":"product_cat","embeddable":true,"href":"https:\/\/javataste.de\/en\/wp-json\/wp\/v2\/product_cat?post=20215267"},{"taxonomy":"product_tag","embeddable":true,"href":"https:\/\/javataste.de\/en\/wp-json\/wp\/v2\/product_tag?post=20215267"}],"curies":[{"name":"wp","href":"https:\/\/api.w.org\/{rel}","templated":true}]}}