{"id":20215253,"date":"2021-10-13T19:16:52","date_gmt":"2021-10-13T17:16:52","guid":{"rendered":"https:\/\/javataste.de\/?post_type=product&#038;p=20215253"},"modified":"2026-03-21T12:43:23","modified_gmt":"2026-03-21T11:43:23","slug":"dua-belibis-sauce-cabe-340ml","status":"publish","type":"product","link":"https:\/\/javataste.de\/en\/product\/dua-belibis-sauce-cabe-340ml\/","title":{"rendered":"Dua BELIBIS Sauce Cabe 335ml"},"content":{"rendered":"<p>Dua Belibis Chili-Sauce wird aus hochwertigen und erstklassigen Zutaten hergestellt. Die Mischung aus Chili- und Zwiebelaromen in hoher Konzentration macht Dua Belibis Chilisauce zu etwas ganz Besonderem.<\/p>\n<p>Vorteile der Chilisauce (Unique Selling Point):<\/p>\n<ol>\n<li>Hergestellt aus hochwertigen und erstklassigen Zutaten<\/li>\n<li>H\u00f6here Konzentration von Chili- und Zwiebelgeschmack im Vergleich zu \u00e4hnlichen Produkten auf dem Markt<\/li>\n<li>BPOM-, HALAL-, ISO 2000- und HACCP-Zertifizierungen<\/li>\n<li>Erf\u00fcllt GMP- und Lebensmittelsicherheitsstandards<\/li>\n<li>Erh\u00e4ltlich in verschiedenen Verpackungsarten, die an Ihre Bed\u00fcrfnisse angepasst werden k\u00f6nnen<\/li>\n<\/ol>\n<p>&nbsp;<\/p>\n<p>Dua Belibis Chili Sauce is made from quality and premium ingredients. The combination of chili and onion flavors with a high concentration makes the two grouse chili sauce taste more special.<\/p>\n<p>Advantages of Chili Sauce (Unique Selling Point):<\/p>\n<ol>\n<li>Produced from quality and premium ingredients<\/li>\n<li>Chili and onion flavors with higher concentrations than similar products on the market<\/li>\n<li>BPOM, HALAL, ISO 2000 and HACCP certifications<\/li>\n<li>Meets GMP and Food Safety standards<\/li>\n<li>Available in various types of packaging that can be customized according to needs<\/li>\n<\/ol>","protected":false},"excerpt":{"rendered":"<p>Dua Belibis Cabe Sauce wird aus hochwertigen Zutaten hergestellt. Die Kombination aus Chili- und Zwiebelaromen mit hoher Konzentration macht die Dua Belibis So\u00dfe noch spezieller.<\/p>","protected":false},"featured_media":20216178,"comment_status":"open","ping_status":"closed","template":"","meta":{"om_disable_all_campaigns":false,"_monsterinsights_skip_tracking":false,"_monsterinsights_sitenote_active":false,"_monsterinsights_sitenote_note":"","_monsterinsights_sitenote_category":0},"product_brand":[],"product_cat":[256,88],"product_tag":[181,372,373,312,274],"class_list":{"0":"post-20215253","1":"product","2":"type-product","3":"status-publish","4":"has-post-thumbnail","6":"product_cat-chilisauce","7":"product_cat-angebote","8":"product_tag-dua-belibis","9":"product_tag-hot","10":"product_tag-pedas","11":"product_tag-sambal","12":"product_tag-scharf","14":"first","15":"instock","16":"purchasable","17":"product-type-simple"},"aioseo_notices":[],"_links":{"self":[{"href":"https:\/\/javataste.de\/en\/wp-json\/wp\/v2\/product\/20215253","targetHints":{"allow":["GET"]}}],"collection":[{"href":"https:\/\/javataste.de\/en\/wp-json\/wp\/v2\/product"}],"about":[{"href":"https:\/\/javataste.de\/en\/wp-json\/wp\/v2\/types\/product"}],"replies":[{"embeddable":true,"href":"https:\/\/javataste.de\/en\/wp-json\/wp\/v2\/comments?post=20215253"}],"wp:featuredmedia":[{"embeddable":true,"href":"https:\/\/javataste.de\/en\/wp-json\/wp\/v2\/media\/20216178"}],"wp:attachment":[{"href":"https:\/\/javataste.de\/en\/wp-json\/wp\/v2\/media?parent=20215253"}],"wp:term":[{"taxonomy":"product_brand","embeddable":true,"href":"https:\/\/javataste.de\/en\/wp-json\/wp\/v2\/product_brand?post=20215253"},{"taxonomy":"product_cat","embeddable":true,"href":"https:\/\/javataste.de\/en\/wp-json\/wp\/v2\/product_cat?post=20215253"},{"taxonomy":"product_tag","embeddable":true,"href":"https:\/\/javataste.de\/en\/wp-json\/wp\/v2\/product_tag?post=20215253"}],"curies":[{"name":"wp","href":"https:\/\/api.w.org\/{rel}","templated":true}]}}