{"id":20215056,"date":"2021-08-26T17:20:05","date_gmt":"2021-08-26T15:20:05","guid":{"rendered":"https:\/\/javataste.de\/?post_type=product&#038;p=20215056"},"modified":"2026-04-21T19:16:52","modified_gmt":"2026-04-21T17:16:52","slug":"indocafe-instant-koffie-5x20g","status":"publish","type":"product","link":"https:\/\/javataste.de\/en\/product\/indocafe-instant-koffie-5x20g\/","title":{"rendered":"Indocafe Instant Koffie 5x20g"},"content":{"rendered":"<p>1 Karton enth\u00e4lt 5 Beutel \u00e0 20 gr. Genug f\u00fcr 1 Tasse mit leckeren Kaffee.<\/p>","protected":false},"excerpt":{"rendered":"<p>3 in 1 Instant Coffee Mix von Indocafe ist einfach zuzubereiten und ideal f\u00fcr unterwegs oder im Urlaub.<\/p>","protected":false},"featured_media":20215023,"comment_status":"open","ping_status":"closed","template":"","meta":{"om_disable_all_campaigns":false,"_monsterinsights_skip_tracking":false,"_monsterinsights_sitenote_active":false,"_monsterinsights_sitenote_note":"","_monsterinsights_sitenote_category":0},"product_brand":[],"product_cat":[75],"product_tag":[164],"class_list":{"0":"post-20215056","1":"product","2":"type-product","3":"status-publish","4":"has-post-thumbnail","6":"product_cat-getraenke","7":"product_tag-indocafe","9":"first","10":"outofstock","11":"purchasable","12":"product-type-simple"},"aioseo_notices":[],"_links":{"self":[{"href":"https:\/\/javataste.de\/en\/wp-json\/wp\/v2\/product\/20215056","targetHints":{"allow":["GET"]}}],"collection":[{"href":"https:\/\/javataste.de\/en\/wp-json\/wp\/v2\/product"}],"about":[{"href":"https:\/\/javataste.de\/en\/wp-json\/wp\/v2\/types\/product"}],"replies":[{"embeddable":true,"href":"https:\/\/javataste.de\/en\/wp-json\/wp\/v2\/comments?post=20215056"}],"wp:featuredmedia":[{"embeddable":true,"href":"https:\/\/javataste.de\/en\/wp-json\/wp\/v2\/media\/20215023"}],"wp:attachment":[{"href":"https:\/\/javataste.de\/en\/wp-json\/wp\/v2\/media?parent=20215056"}],"wp:term":[{"taxonomy":"product_brand","embeddable":true,"href":"https:\/\/javataste.de\/en\/wp-json\/wp\/v2\/product_brand?post=20215056"},{"taxonomy":"product_cat","embeddable":true,"href":"https:\/\/javataste.de\/en\/wp-json\/wp\/v2\/product_cat?post=20215056"},{"taxonomy":"product_tag","embeddable":true,"href":"https:\/\/javataste.de\/en\/wp-json\/wp\/v2\/product_tag?post=20215056"}],"curies":[{"name":"wp","href":"https:\/\/api.w.org\/{rel}","templated":true}]}}