{"id":20215055,"date":"2021-08-26T17:20:04","date_gmt":"2021-08-26T15:20:04","guid":{"rendered":"https:\/\/javataste.de\/?post_type=product&#038;p=20215055"},"modified":"2026-04-14T17:25:41","modified_gmt":"2026-04-14T15:25:41","slug":"bango-kecap-manis-sweet-soja-sosse-275ml","status":"publish","type":"product","link":"https:\/\/javataste.de\/en\/product\/bango-kecap-manis-sweet-soja-sosse-275ml\/","title":{"rendered":"Bango Kecap Manis- Sweet Soja So\u00dfe 275ml"},"content":{"rendered":"","protected":false},"excerpt":{"rendered":"<p>Ketcap Manis von Bango ist eine s\u00fc\u00dfe Sojasauce. K\u00f6stlich zum W\u00fcrzen und als Bestandteil verschiedener Marinaden.<\/p>","protected":false},"featured_media":20215009,"comment_status":"open","ping_status":"closed","template":"","meta":{"om_disable_all_campaigns":false,"_monsterinsights_skip_tracking":false,"_monsterinsights_sitenote_active":false,"_monsterinsights_sitenote_note":"","_monsterinsights_sitenote_category":0},"product_brand":[],"product_cat":[79],"product_tag":[163],"class_list":{"0":"post-20215055","1":"product","2":"type-product","3":"status-publish","4":"has-post-thumbnail","6":"product_cat-lebensmittel","7":"product_tag-bango","9":"first","10":"instock","11":"purchasable","12":"product-type-simple"},"aioseo_notices":[],"_links":{"self":[{"href":"https:\/\/javataste.de\/en\/wp-json\/wp\/v2\/product\/20215055","targetHints":{"allow":["GET"]}}],"collection":[{"href":"https:\/\/javataste.de\/en\/wp-json\/wp\/v2\/product"}],"about":[{"href":"https:\/\/javataste.de\/en\/wp-json\/wp\/v2\/types\/product"}],"replies":[{"embeddable":true,"href":"https:\/\/javataste.de\/en\/wp-json\/wp\/v2\/comments?post=20215055"}],"wp:featuredmedia":[{"embeddable":true,"href":"https:\/\/javataste.de\/en\/wp-json\/wp\/v2\/media\/20215009"}],"wp:attachment":[{"href":"https:\/\/javataste.de\/en\/wp-json\/wp\/v2\/media?parent=20215055"}],"wp:term":[{"taxonomy":"product_brand","embeddable":true,"href":"https:\/\/javataste.de\/en\/wp-json\/wp\/v2\/product_brand?post=20215055"},{"taxonomy":"product_cat","embeddable":true,"href":"https:\/\/javataste.de\/en\/wp-json\/wp\/v2\/product_cat?post=20215055"},{"taxonomy":"product_tag","embeddable":true,"href":"https:\/\/javataste.de\/en\/wp-json\/wp\/v2\/product_tag?post=20215055"}],"curies":[{"name":"wp","href":"https:\/\/api.w.org\/{rel}","templated":true}]}}