{"id":20215054,"date":"2021-08-26T17:20:04","date_gmt":"2021-08-26T15:20:04","guid":{"rendered":"https:\/\/javataste.de\/?post_type=product&#038;p=20215054"},"modified":"2026-04-12T18:06:49","modified_gmt":"2026-04-12T16:06:49","slug":"luwak-white-coffee-less-sugar-10x20g","status":"publish","type":"product","link":"https:\/\/javataste.de\/en\/product\/luwak-white-coffee-less-sugar-10x20g\/","title":{"rendered":"Luwak White Coffee Less Sugar 10x20g"},"content":{"rendered":"<p>Nehmen Sie ein angenehme Kaffeepause jederzeit und \u00fcberall, f\u00fcgen Sie einfach hei\u00dfes Wasser hinzu. Wundersch\u00f6n, seidigen Textur und reich an Geschmack.<\/p>","protected":false},"excerpt":{"rendered":"<p>Wei\u00dfer Kaffee von Luwak ist ein 3 in 1 Kaffee aus Indonesien, weniger Zucker. Eine Portion ist pro Beutel verpackt und einfach zu machen.<\/p>","protected":false},"featured_media":20216026,"comment_status":"open","ping_status":"closed","template":"","meta":{"om_disable_all_campaigns":false,"_monsterinsights_skip_tracking":false,"_monsterinsights_sitenote_active":false,"_monsterinsights_sitenote_note":"","_monsterinsights_sitenote_category":0},"product_brand":[],"product_cat":[75],"product_tag":[315,162],"class_list":{"0":"post-20215054","1":"product","2":"type-product","3":"status-publish","4":"has-post-thumbnail","6":"product_cat-getraenke","7":"product_tag-kaffee","8":"product_tag-luwak","10":"first","11":"instock","12":"purchasable","13":"product-type-simple"},"aioseo_notices":[],"_links":{"self":[{"href":"https:\/\/javataste.de\/en\/wp-json\/wp\/v2\/product\/20215054","targetHints":{"allow":["GET"]}}],"collection":[{"href":"https:\/\/javataste.de\/en\/wp-json\/wp\/v2\/product"}],"about":[{"href":"https:\/\/javataste.de\/en\/wp-json\/wp\/v2\/types\/product"}],"replies":[{"embeddable":true,"href":"https:\/\/javataste.de\/en\/wp-json\/wp\/v2\/comments?post=20215054"}],"wp:featuredmedia":[{"embeddable":true,"href":"https:\/\/javataste.de\/en\/wp-json\/wp\/v2\/media\/20216026"}],"wp:attachment":[{"href":"https:\/\/javataste.de\/en\/wp-json\/wp\/v2\/media?parent=20215054"}],"wp:term":[{"taxonomy":"product_brand","embeddable":true,"href":"https:\/\/javataste.de\/en\/wp-json\/wp\/v2\/product_brand?post=20215054"},{"taxonomy":"product_cat","embeddable":true,"href":"https:\/\/javataste.de\/en\/wp-json\/wp\/v2\/product_cat?post=20215054"},{"taxonomy":"product_tag","embeddable":true,"href":"https:\/\/javataste.de\/en\/wp-json\/wp\/v2\/product_tag?post=20215054"}],"curies":[{"name":"wp","href":"https:\/\/api.w.org\/{rel}","templated":true}]}}