{"id":20215049,"date":"2021-08-26T17:20:00","date_gmt":"2021-08-26T15:20:00","guid":{"rendered":"https:\/\/javataste.de\/?post_type=product&#038;p=20215049"},"modified":"2025-01-27T11:05:27","modified_gmt":"2025-01-27T10:05:27","slug":"dua-kelinci-kacang-koro-pedas-70gr","status":"publish","type":"product","link":"https:\/\/javataste.de\/en\/product\/dua-kelinci-kacang-koro-pedas-70gr\/","title":{"rendered":"Dua Kelinci Kacang koro Pedas 70gr"},"content":{"rendered":"","protected":false},"excerpt":{"rendered":"<p>Hergestellt aus ausgew\u00e4hlten langen Bohnen, die mit moderner Technik verarbeitet werden, bietet Koroku diese scharfe Geschmacksvariante an. Der einzigartige s\u00fc\u00dfe Geschmack kombiniert mit k\u00f6stlichen Spezialw\u00fcrzen, die das angenehme Geschmackserlebnis erzeugen.<\/p>","protected":false},"featured_media":20215020,"comment_status":"open","ping_status":"closed","template":"","meta":{"om_disable_all_campaigns":false,"_monsterinsights_skip_tracking":false,"_monsterinsights_sitenote_active":false,"_monsterinsights_sitenote_note":"","_monsterinsights_sitenote_category":0},"product_brand":[],"product_cat":[81],"product_tag":[157,278,280,279,274],"class_list":{"0":"post-20215049","1":"product","2":"type-product","3":"status-publish","4":"has-post-thumbnail","6":"product_cat-snacks","7":"product_tag-dua-kelinci","8":"product_tag-kacang","9":"product_tag-nuss","10":"product_tag-peanut","11":"product_tag-scharf","13":"first","14":"outofstock","15":"purchasable","16":"product-type-simple"},"aioseo_notices":[],"_links":{"self":[{"href":"https:\/\/javataste.de\/en\/wp-json\/wp\/v2\/product\/20215049","targetHints":{"allow":["GET"]}}],"collection":[{"href":"https:\/\/javataste.de\/en\/wp-json\/wp\/v2\/product"}],"about":[{"href":"https:\/\/javataste.de\/en\/wp-json\/wp\/v2\/types\/product"}],"replies":[{"embeddable":true,"href":"https:\/\/javataste.de\/en\/wp-json\/wp\/v2\/comments?post=20215049"}],"wp:featuredmedia":[{"embeddable":true,"href":"https:\/\/javataste.de\/en\/wp-json\/wp\/v2\/media\/20215020"}],"wp:attachment":[{"href":"https:\/\/javataste.de\/en\/wp-json\/wp\/v2\/media?parent=20215049"}],"wp:term":[{"taxonomy":"product_brand","embeddable":true,"href":"https:\/\/javataste.de\/en\/wp-json\/wp\/v2\/product_brand?post=20215049"},{"taxonomy":"product_cat","embeddable":true,"href":"https:\/\/javataste.de\/en\/wp-json\/wp\/v2\/product_cat?post=20215049"},{"taxonomy":"product_tag","embeddable":true,"href":"https:\/\/javataste.de\/en\/wp-json\/wp\/v2\/product_tag?post=20215049"}],"curies":[{"name":"wp","href":"https:\/\/api.w.org\/{rel}","templated":true}]}}