{"id":20215046,"date":"2021-08-26T17:19:58","date_gmt":"2021-08-26T15:19:58","guid":{"rendered":"https:\/\/javataste.de\/?post_type=product&#038;p=20215046"},"modified":"2026-04-07T11:13:09","modified_gmt":"2026-04-07T09:13:09","slug":"kobe-boncabe-original-level-15-45g","status":"publish","type":"product","link":"https:\/\/javataste.de\/en\/product\/kobe-boncabe-original-level-15-45g\/","title":{"rendered":"Kobe BonCabe Original Level 15 45g"},"content":{"rendered":"<p>Erleben Sie als Erster den wahnsinnig w\u00fcrzigen Genuss von BonCabe Original Level 15, die f\u00fcr Fans extremer Sch\u00e4rfe kreiert wurde. Die sch\u00e4rfsten Chilisorten werden sorgf\u00e4ltig ausgew\u00e4hlt, um sicherzustellen, dass jeder Spritzer die versprochene intensive Sch\u00e4rfe liefert. Es eignet sich hervorragend, um jedes Essen in einen w\u00fcrzigen Genuss zu verwandeln.<\/p>","protected":false},"excerpt":{"rendered":"<p>Bon Cabe Original Stufe 15<br \/>\nBereit zum Verzehr!<\/p>\n<p>Streuen Sie nur eine kleine Menge dar\u00fcber, denn BonCabe Stufe 15 Original ist sehr, sehr scharf!<\/p>\n<p><b>Zutaten:<\/b> getrocknete Chili (54,73%), gebratenen Schalotten, Salz, Puderzucker, Geschmacksverst\u00e4rker (Mononatrium Glutamat, Dinatrium 5\u2018 &#8211; Inosinat, Dinatrium 5\u2018 Guanilat), Pflanzen\u00f6l, Knoblauchpulver, Zwiebelpulver und Hefeextrakt.<\/p>\n<p><b>Allergeninformationen:<\/b> kann enthalten: Gluten, Krebstiere, Fisch und Weichtiere.<\/p>","protected":false},"featured_media":20215649,"comment_status":"closed","ping_status":"closed","template":"","meta":{"om_disable_all_campaigns":false,"_monsterinsights_skip_tracking":false,"_monsterinsights_sitenote_active":false,"_monsterinsights_sitenote_note":"","_monsterinsights_sitenote_category":0},"product_brand":[],"product_cat":[80],"product_tag":[156,274],"class_list":{"0":"post-20215046","1":"product","2":"type-product","3":"status-publish","4":"has-post-thumbnail","6":"product_cat-gewuerze","7":"product_tag-bon-cabe","8":"product_tag-scharf","10":"first","11":"instock","12":"purchasable","13":"product-type-simple"},"aioseo_notices":[],"_links":{"self":[{"href":"https:\/\/javataste.de\/en\/wp-json\/wp\/v2\/product\/20215046","targetHints":{"allow":["GET"]}}],"collection":[{"href":"https:\/\/javataste.de\/en\/wp-json\/wp\/v2\/product"}],"about":[{"href":"https:\/\/javataste.de\/en\/wp-json\/wp\/v2\/types\/product"}],"replies":[{"embeddable":true,"href":"https:\/\/javataste.de\/en\/wp-json\/wp\/v2\/comments?post=20215046"}],"wp:featuredmedia":[{"embeddable":true,"href":"https:\/\/javataste.de\/en\/wp-json\/wp\/v2\/media\/20215649"}],"wp:attachment":[{"href":"https:\/\/javataste.de\/en\/wp-json\/wp\/v2\/media?parent=20215046"}],"wp:term":[{"taxonomy":"product_brand","embeddable":true,"href":"https:\/\/javataste.de\/en\/wp-json\/wp\/v2\/product_brand?post=20215046"},{"taxonomy":"product_cat","embeddable":true,"href":"https:\/\/javataste.de\/en\/wp-json\/wp\/v2\/product_cat?post=20215046"},{"taxonomy":"product_tag","embeddable":true,"href":"https:\/\/javataste.de\/en\/wp-json\/wp\/v2\/product_tag?post=20215046"}],"curies":[{"name":"wp","href":"https:\/\/api.w.org\/{rel}","templated":true}]}}