{"id":20215045,"date":"2021-08-26T17:19:58","date_gmt":"2021-08-26T15:19:58","guid":{"rendered":"https:\/\/javataste.de\/?post_type=product&#038;p=20215045"},"modified":"2026-04-14T17:07:47","modified_gmt":"2026-04-14T15:07:47","slug":"dua-kelinci-sukro-oven-garlic-100gr","status":"publish","type":"product","link":"https:\/\/javataste.de\/en\/product\/dua-kelinci-sukro-oven-garlic-100gr\/","title":{"rendered":"Dua Kelinci Sukro Oven garlic 100gr"},"content":{"rendered":"","protected":false},"excerpt":{"rendered":"<p>Dua Kelinci Sukro Oven garlic sind im Ofen ger\u00f6stete und knusprige Erdn\u00fcsse mit einer leckeren Mais-, Knoblauchmischung \u00fcberzogen.<\/p>","protected":false},"featured_media":20215002,"comment_status":"open","ping_status":"closed","template":"","meta":{"om_disable_all_campaigns":false,"_monsterinsights_skip_tracking":false,"_monsterinsights_sitenote_active":false,"_monsterinsights_sitenote_note":"","_monsterinsights_sitenote_category":0},"product_brand":[],"product_cat":[81],"product_tag":[158],"class_list":{"0":"post-20215045","1":"product","2":"type-product","3":"status-publish","4":"has-post-thumbnail","6":"product_cat-snacks","7":"product_tag-sukro-dua-kelinci","9":"first","10":"instock","11":"purchasable","12":"product-type-simple"},"aioseo_notices":[],"_links":{"self":[{"href":"https:\/\/javataste.de\/en\/wp-json\/wp\/v2\/product\/20215045","targetHints":{"allow":["GET"]}}],"collection":[{"href":"https:\/\/javataste.de\/en\/wp-json\/wp\/v2\/product"}],"about":[{"href":"https:\/\/javataste.de\/en\/wp-json\/wp\/v2\/types\/product"}],"replies":[{"embeddable":true,"href":"https:\/\/javataste.de\/en\/wp-json\/wp\/v2\/comments?post=20215045"}],"wp:featuredmedia":[{"embeddable":true,"href":"https:\/\/javataste.de\/en\/wp-json\/wp\/v2\/media\/20215002"}],"wp:attachment":[{"href":"https:\/\/javataste.de\/en\/wp-json\/wp\/v2\/media?parent=20215045"}],"wp:term":[{"taxonomy":"product_brand","embeddable":true,"href":"https:\/\/javataste.de\/en\/wp-json\/wp\/v2\/product_brand?post=20215045"},{"taxonomy":"product_cat","embeddable":true,"href":"https:\/\/javataste.de\/en\/wp-json\/wp\/v2\/product_cat?post=20215045"},{"taxonomy":"product_tag","embeddable":true,"href":"https:\/\/javataste.de\/en\/wp-json\/wp\/v2\/product_tag?post=20215045"}],"curies":[{"name":"wp","href":"https:\/\/api.w.org\/{rel}","templated":true}]}}