{"id":20215041,"date":"2021-08-26T17:19:56","date_gmt":"2021-08-26T15:19:56","guid":{"rendered":"https:\/\/javataste.de\/?post_type=product&#038;p=20215041"},"modified":"2026-01-24T15:23:47","modified_gmt":"2026-01-24T14:23:47","slug":"dua-kelinci-kacang-shanghai-original-200gr","status":"publish","type":"product","link":"https:\/\/javataste.de\/en\/product\/dua-kelinci-kacang-shanghai-original-200gr\/","title":{"rendered":"Dua Kelinci Kacang Shanghai Original 200gr"},"content":{"rendered":"<p>Zutaten:<br \/>\nErdn\u00fcsse, Salz, Tapiokamehl, Zucker, Knoblauch<\/p>","protected":false},"excerpt":{"rendered":"<p>Kacang Shanghai Peanuts sind k\u00f6stliche knusprige Erdn\u00fcsse in einer knusprigen Schale aus Indonesien. Die N\u00fcsse sind ein nat\u00fcrlicher Geschmack mit einer Kombination aus Knoblauch<\/p>","protected":false},"featured_media":20215021,"comment_status":"open","ping_status":"closed","template":"","meta":{"om_disable_all_campaigns":false,"_monsterinsights_skip_tracking":false,"_monsterinsights_sitenote_active":false,"_monsterinsights_sitenote_note":"","_monsterinsights_sitenote_category":0},"product_brand":[],"product_cat":[81],"product_tag":[157],"class_list":{"0":"post-20215041","1":"product","2":"type-product","3":"status-publish","4":"has-post-thumbnail","6":"product_cat-snacks","7":"product_tag-dua-kelinci","9":"first","10":"instock","11":"purchasable","12":"product-type-simple"},"aioseo_notices":[],"_links":{"self":[{"href":"https:\/\/javataste.de\/en\/wp-json\/wp\/v2\/product\/20215041","targetHints":{"allow":["GET"]}}],"collection":[{"href":"https:\/\/javataste.de\/en\/wp-json\/wp\/v2\/product"}],"about":[{"href":"https:\/\/javataste.de\/en\/wp-json\/wp\/v2\/types\/product"}],"replies":[{"embeddable":true,"href":"https:\/\/javataste.de\/en\/wp-json\/wp\/v2\/comments?post=20215041"}],"wp:featuredmedia":[{"embeddable":true,"href":"https:\/\/javataste.de\/en\/wp-json\/wp\/v2\/media\/20215021"}],"wp:attachment":[{"href":"https:\/\/javataste.de\/en\/wp-json\/wp\/v2\/media?parent=20215041"}],"wp:term":[{"taxonomy":"product_brand","embeddable":true,"href":"https:\/\/javataste.de\/en\/wp-json\/wp\/v2\/product_brand?post=20215041"},{"taxonomy":"product_cat","embeddable":true,"href":"https:\/\/javataste.de\/en\/wp-json\/wp\/v2\/product_cat?post=20215041"},{"taxonomy":"product_tag","embeddable":true,"href":"https:\/\/javataste.de\/en\/wp-json\/wp\/v2\/product_tag?post=20215041"}],"curies":[{"name":"wp","href":"https:\/\/api.w.org\/{rel}","templated":true}]}}