{"id":20215039,"date":"2021-08-26T17:19:55","date_gmt":"2021-08-26T15:19:55","guid":{"rendered":"https:\/\/javataste.de\/?post_type=product&#038;p=20215039"},"modified":"2026-02-24T12:35:58","modified_gmt":"2026-02-24T11:35:58","slug":"cobek-batu-24cm","status":"publish","type":"product","link":"https:\/\/javataste.de\/en\/product\/cobek-batu-24cm\/","title":{"rendered":"Cobek Batu 24cm"},"content":{"rendered":"","protected":false},"excerpt":{"rendered":"<p>Cobek Batu hergestellt aus ungeschliffenen Granit Stein mit einem 24cm Durchmesser. Dieses K\u00fcchenzubeh\u00f6r darf in keiner indonesischen K\u00fcche fehlen. Stein M\u00f6rser inklusive Schale.<\/p>","protected":false},"featured_media":20215061,"comment_status":"open","ping_status":"closed","template":"","meta":{"om_disable_all_campaigns":false,"_monsterinsights_skip_tracking":false,"_monsterinsights_sitenote_active":false,"_monsterinsights_sitenote_note":"","_monsterinsights_sitenote_category":0},"product_brand":[],"product_cat":[152],"product_tag":[165,154],"class_list":{"0":"post-20215039","1":"product","2":"type-product","3":"status-publish","4":"has-post-thumbnail","6":"product_cat-zubehoer","7":"product_tag-cobek-batu","8":"product_tag-nesia","9":"product_shipping_class-bis-10kg","11":"first","12":"instock","13":"purchasable","14":"product-type-simple"},"aioseo_notices":[],"_links":{"self":[{"href":"https:\/\/javataste.de\/en\/wp-json\/wp\/v2\/product\/20215039","targetHints":{"allow":["GET"]}}],"collection":[{"href":"https:\/\/javataste.de\/en\/wp-json\/wp\/v2\/product"}],"about":[{"href":"https:\/\/javataste.de\/en\/wp-json\/wp\/v2\/types\/product"}],"replies":[{"embeddable":true,"href":"https:\/\/javataste.de\/en\/wp-json\/wp\/v2\/comments?post=20215039"}],"wp:featuredmedia":[{"embeddable":true,"href":"https:\/\/javataste.de\/en\/wp-json\/wp\/v2\/media\/20215061"}],"wp:attachment":[{"href":"https:\/\/javataste.de\/en\/wp-json\/wp\/v2\/media?parent=20215039"}],"wp:term":[{"taxonomy":"product_brand","embeddable":true,"href":"https:\/\/javataste.de\/en\/wp-json\/wp\/v2\/product_brand?post=20215039"},{"taxonomy":"product_cat","embeddable":true,"href":"https:\/\/javataste.de\/en\/wp-json\/wp\/v2\/product_cat?post=20215039"},{"taxonomy":"product_tag","embeddable":true,"href":"https:\/\/javataste.de\/en\/wp-json\/wp\/v2\/product_tag?post=20215039"}],"curies":[{"name":"wp","href":"https:\/\/api.w.org\/{rel}","templated":true}]}}