{"id":20214677,"date":"2021-04-07T21:01:50","date_gmt":"2021-04-07T19:01:50","guid":{"rendered":"https:\/\/javataste.de\/?post_type=product&#038;p=20214677"},"modified":"2024-11-08T23:01:28","modified_gmt":"2024-11-08T22:01:28","slug":"agar-agar-schokolade-7g","status":"publish","type":"product","link":"https:\/\/javataste.de\/en\/product\/agar-agar-schokolade-7g\/","title":{"rendered":"Agar Agar Schokolade 7g"},"content":{"rendered":"","protected":false},"excerpt":{"rendered":"<p>Agar-Agar nat\u00fcrliche Speisest\u00e4rke Schokolade <br \/>Agar-Agar wird aus reinem Seetang hergestellt.\u00a0Agar Agar hat eine 4x st\u00e4rkere Bindungsst\u00e4rke als gew\u00f6hnliche Gelatine.<\/p>","protected":false},"featured_media":20214532,"comment_status":"open","ping_status":"closed","template":"","meta":{"om_disable_all_campaigns":false,"_monsterinsights_skip_tracking":false,"_monsterinsights_sitenote_active":false,"_monsterinsights_sitenote_note":"","_monsterinsights_sitenote_category":0},"product_brand":[],"product_cat":[15],"product_tag":[138],"class_list":{"0":"post-20214677","1":"product","2":"type-product","3":"status-publish","4":"has-post-thumbnail","6":"product_cat-zutaten","7":"product_tag-agar-agar","9":"first","10":"instock","11":"purchasable","12":"product-type-simple"},"aioseo_notices":[],"_links":{"self":[{"href":"https:\/\/javataste.de\/en\/wp-json\/wp\/v2\/product\/20214677","targetHints":{"allow":["GET"]}}],"collection":[{"href":"https:\/\/javataste.de\/en\/wp-json\/wp\/v2\/product"}],"about":[{"href":"https:\/\/javataste.de\/en\/wp-json\/wp\/v2\/types\/product"}],"replies":[{"embeddable":true,"href":"https:\/\/javataste.de\/en\/wp-json\/wp\/v2\/comments?post=20214677"}],"wp:featuredmedia":[{"embeddable":true,"href":"https:\/\/javataste.de\/en\/wp-json\/wp\/v2\/media\/20214532"}],"wp:attachment":[{"href":"https:\/\/javataste.de\/en\/wp-json\/wp\/v2\/media?parent=20214677"}],"wp:term":[{"taxonomy":"product_brand","embeddable":true,"href":"https:\/\/javataste.de\/en\/wp-json\/wp\/v2\/product_brand?post=20214677"},{"taxonomy":"product_cat","embeddable":true,"href":"https:\/\/javataste.de\/en\/wp-json\/wp\/v2\/product_cat?post=20214677"},{"taxonomy":"product_tag","embeddable":true,"href":"https:\/\/javataste.de\/en\/wp-json\/wp\/v2\/product_tag?post=20214677"}],"curies":[{"name":"wp","href":"https:\/\/api.w.org\/{rel}","templated":true}]}}