{"id":20214642,"date":"2021-04-07T20:50:13","date_gmt":"2021-04-07T20:50:13","guid":{"rendered":"https:\/\/javataste.de\/?post_type=product&#038;p=20214642"},"modified":"2023-03-16T16:26:49","modified_gmt":"2023-03-16T16:26:49","slug":"asli-seroendeng-sedap-200g","status":"publish","type":"product","link":"https:\/\/javataste.de\/en\/product\/asli-seroendeng-sedap-200g\/","title":{"rendered":"ASLI Seroendeng Sedap 200g"},"content":{"rendered":"<p>Serundeng wird \u00fcber fertige Gerichte, insbesondere Curries, gestreut und nimmt diesen etwas die Sch\u00e4rfe. Es geh\u00f6rt z.B. zur indonesischen Reistafel, man streut es \u00fcber den Reis, aber auch zu sehr scharfen Sambals, da es durch die Kokosflocken und die leichte S\u00fc\u00dfe die Sch\u00e4rfe ein bisschen mildert.<\/p>","protected":false},"excerpt":{"rendered":"<p>Asli Seroendeng Sedap 200g die bekannte Gew\u00fcrzmischung zur Milderung von Curry &#038; Reisgerichten<\/p>","protected":false},"featured_media":20214490,"comment_status":"open","ping_status":"closed","template":"","meta":{"om_disable_all_campaigns":false,"_monsterinsights_skip_tracking":false,"_monsterinsights_sitenote_active":false,"_monsterinsights_sitenote_note":"","_monsterinsights_sitenote_category":0},"product_brand":[],"product_cat":[79],"product_tag":[127],"class_list":{"0":"post-20214642","1":"product","2":"type-product","3":"status-publish","4":"has-post-thumbnail","6":"product_cat-lebensmittel","7":"product_tag-asli","9":"first","10":"outofstock","11":"purchasable","12":"product-type-simple"},"aioseo_notices":[],"_links":{"self":[{"href":"https:\/\/javataste.de\/en\/wp-json\/wp\/v2\/product\/20214642","targetHints":{"allow":["GET"]}}],"collection":[{"href":"https:\/\/javataste.de\/en\/wp-json\/wp\/v2\/product"}],"about":[{"href":"https:\/\/javataste.de\/en\/wp-json\/wp\/v2\/types\/product"}],"replies":[{"embeddable":true,"href":"https:\/\/javataste.de\/en\/wp-json\/wp\/v2\/comments?post=20214642"}],"wp:featuredmedia":[{"embeddable":true,"href":"https:\/\/javataste.de\/en\/wp-json\/wp\/v2\/media\/20214490"}],"wp:attachment":[{"href":"https:\/\/javataste.de\/en\/wp-json\/wp\/v2\/media?parent=20214642"}],"wp:term":[{"taxonomy":"product_brand","embeddable":true,"href":"https:\/\/javataste.de\/en\/wp-json\/wp\/v2\/product_brand?post=20214642"},{"taxonomy":"product_cat","embeddable":true,"href":"https:\/\/javataste.de\/en\/wp-json\/wp\/v2\/product_cat?post=20214642"},{"taxonomy":"product_tag","embeddable":true,"href":"https:\/\/javataste.de\/en\/wp-json\/wp\/v2\/product_tag?post=20214642"}],"curies":[{"name":"wp","href":"https:\/\/api.w.org\/{rel}","templated":true}]}}