{"id":20214619,"date":"2021-04-07T20:49:39","date_gmt":"2021-04-07T18:49:39","guid":{"rendered":"https:\/\/javataste.de\/?post_type=product&#038;p=20214619"},"modified":"2025-01-27T11:49:42","modified_gmt":"2025-01-27T10:49:42","slug":"asli-petjel","status":"publish","type":"product","link":"https:\/\/javataste.de\/en\/product\/asli-petjel\/","title":{"rendered":"ASLI Petjel"},"content":{"rendered":"<p>Petjel ist ein urspr\u00fcnglich javanesisches Gericht im Form von einem Gem\u00fcseteller aus Mungbohnensprossen, Kohl, Spinat und gr\u00fcnen Bohnen. Traditionell wird das Petjel mit einer w\u00fcrzigen Erdnusssauce serviert.<\/p>","protected":false},"excerpt":{"rendered":"<p>ASLI W\u00fcrzpaste ist eine indonesische Gew\u00fcrzpaste, die Gerichten zugegeben wird, um diese geschmacklich zu intensivieren. Asli Petjel ist eine w\u00fcrzig-pikante Erdnusssauce auf Basis k\u00f6stlicher Erdn\u00fcsse, Paprikas, Cayennepfeffers, Knoblauchs und Galgantwurzel.<\/p>","protected":false},"featured_media":20214488,"comment_status":"open","ping_status":"closed","template":"","meta":{"om_disable_all_campaigns":false,"_monsterinsights_skip_tracking":false,"_monsterinsights_sitenote_active":false,"_monsterinsights_sitenote_note":"","_monsterinsights_sitenote_category":0},"product_brand":[],"product_cat":[80,88],"product_tag":[127],"class_list":{"0":"post-20214619","1":"product","2":"type-product","3":"status-publish","4":"has-post-thumbnail","6":"product_cat-gewuerze","7":"product_cat-angebote","8":"product_tag-asli","10":"first","11":"outofstock","12":"sale","13":"purchasable","14":"product-type-simple"},"aioseo_notices":[],"_links":{"self":[{"href":"https:\/\/javataste.de\/en\/wp-json\/wp\/v2\/product\/20214619","targetHints":{"allow":["GET"]}}],"collection":[{"href":"https:\/\/javataste.de\/en\/wp-json\/wp\/v2\/product"}],"about":[{"href":"https:\/\/javataste.de\/en\/wp-json\/wp\/v2\/types\/product"}],"replies":[{"embeddable":true,"href":"https:\/\/javataste.de\/en\/wp-json\/wp\/v2\/comments?post=20214619"}],"wp:featuredmedia":[{"embeddable":true,"href":"https:\/\/javataste.de\/en\/wp-json\/wp\/v2\/media\/20214488"}],"wp:attachment":[{"href":"https:\/\/javataste.de\/en\/wp-json\/wp\/v2\/media?parent=20214619"}],"wp:term":[{"taxonomy":"product_brand","embeddable":true,"href":"https:\/\/javataste.de\/en\/wp-json\/wp\/v2\/product_brand?post=20214619"},{"taxonomy":"product_cat","embeddable":true,"href":"https:\/\/javataste.de\/en\/wp-json\/wp\/v2\/product_cat?post=20214619"},{"taxonomy":"product_tag","embeddable":true,"href":"https:\/\/javataste.de\/en\/wp-json\/wp\/v2\/product_tag?post=20214619"}],"curies":[{"name":"wp","href":"https:\/\/api.w.org\/{rel}","templated":true}]}}