{"id":20214618,"date":"2021-04-07T20:49:39","date_gmt":"2021-04-07T18:49:39","guid":{"rendered":"https:\/\/javataste.de\/?post_type=product&#038;p=20214618"},"modified":"2025-01-27T11:49:54","modified_gmt":"2025-01-27T10:49:54","slug":"asli-sate-hot","status":"publish","type":"product","link":"https:\/\/javataste.de\/en\/product\/asli-sate-hot\/","title":{"rendered":"ASLI Sate Hot"},"content":{"rendered":"<p>Eine leckere Erdnuss Sauce f\u00fcr die bekannten Sate Fleischspie\u00dfe. Aber nat\u00fcrlich auch als Sauce f\u00fcr Gem\u00fcse, Fisch, Nudeln, Gebratenes, Gegrilltes und Gekochtes.<br \/>Die Zubereitung ist wie immer schnell und einfach.<br \/>Den Inhalt der Packung in 200ml kochendes Wasser einr\u00fchren und unter R\u00fchren kochen lassen, bis die gew\u00fcnschte Dicke erreicht ist.<\/p>","protected":false},"excerpt":{"rendered":"<p>Asli &#8211; Sate hot &#8211; Boemboe Erdnusssaucenmix scharf &#8211; 200 g<br \/>Zutaten: ERDN\u00dcSSE (65%), Zucker, Paprika, Salz, Kr\u00e4uter und Gew\u00fcrze, Zucker Sirup, Farbstoff: Karamel. Allergenhinweis: enth\u00e4lt Erdn\u00fcsse<\/p>","protected":false},"featured_media":20214489,"comment_status":"open","ping_status":"closed","template":"","meta":{"om_disable_all_campaigns":false,"_monsterinsights_skip_tracking":false,"_monsterinsights_sitenote_active":false,"_monsterinsights_sitenote_note":"","_monsterinsights_sitenote_category":0},"product_brand":[],"product_cat":[80],"product_tag":[127],"class_list":{"0":"post-20214618","1":"product","2":"type-product","3":"status-publish","4":"has-post-thumbnail","6":"product_cat-gewuerze","7":"product_tag-asli","9":"first","10":"outofstock","11":"purchasable","12":"product-type-simple"},"aioseo_notices":[],"_links":{"self":[{"href":"https:\/\/javataste.de\/en\/wp-json\/wp\/v2\/product\/20214618","targetHints":{"allow":["GET"]}}],"collection":[{"href":"https:\/\/javataste.de\/en\/wp-json\/wp\/v2\/product"}],"about":[{"href":"https:\/\/javataste.de\/en\/wp-json\/wp\/v2\/types\/product"}],"replies":[{"embeddable":true,"href":"https:\/\/javataste.de\/en\/wp-json\/wp\/v2\/comments?post=20214618"}],"wp:featuredmedia":[{"embeddable":true,"href":"https:\/\/javataste.de\/en\/wp-json\/wp\/v2\/media\/20214489"}],"wp:attachment":[{"href":"https:\/\/javataste.de\/en\/wp-json\/wp\/v2\/media?parent=20214618"}],"wp:term":[{"taxonomy":"product_brand","embeddable":true,"href":"https:\/\/javataste.de\/en\/wp-json\/wp\/v2\/product_brand?post=20214618"},{"taxonomy":"product_cat","embeddable":true,"href":"https:\/\/javataste.de\/en\/wp-json\/wp\/v2\/product_cat?post=20214618"},{"taxonomy":"product_tag","embeddable":true,"href":"https:\/\/javataste.de\/en\/wp-json\/wp\/v2\/product_tag?post=20214618"}],"curies":[{"name":"wp","href":"https:\/\/api.w.org\/{rel}","templated":true}]}}