{"id":20214614,"date":"2021-04-07T20:49:38","date_gmt":"2021-04-07T18:49:38","guid":{"rendered":"https:\/\/javataste.de\/?post_type=product&#038;p=20214614"},"modified":"2026-04-06T07:08:25","modified_gmt":"2026-04-06T05:08:25","slug":"finna-sambal-uleg-kemiri-180g","status":"publish","type":"product","link":"https:\/\/javataste.de\/en\/product\/finna-sambal-uleg-kemiri-180g\/","title":{"rendered":"FINNA Sambal Uleg Kemiri 180g [MHD 1.4.26]"},"content":{"rendered":"<p>ULEG nutzt den nat\u00fcrlichen Reichtum Indonesiens, insbesondere Chilis und ausgew\u00e4hlte Gew\u00fcrze, die mit der richtigen Zusammensetzung und hochwertigen Gew\u00fcrzen verarbeitet werden, damit der Geschmack der ULEG-Chilisauce lange im Herzen in Erinnerung bleibt. ULEG versteht Ihren Geschmack.<\/p>","protected":false},"excerpt":{"rendered":"<p>gemischte Kemiriknoten-Chilisauce von Finna, Chili und Kemiriknoten<\/p>\n<div>Zutaten: Chili (49,80 %), Pflanzen\u00f6l, Schalotten, Kerzenn\u00fcsse (6,75 %), Knoblauch, Wasser, Salz, Zucker, pflanzliches Verdickungsmittel, S\u00e4ureregulator Essigs\u00e4ure, Geschmacksverst\u00e4rker Mononatriumglutamat, Konservierungsstoffe (Natriumbenzoat und Kaliumsorbat).<\/div>\n<div>Gebrauchsanweisung: Nach Gebrauch gut verschlie\u00dfen. Nach dem \u00d6ffnen innerhalb eines Monats verbrauchen. Kann als Beilage zu verschiedenen Speisen verwendet werden.<\/div>\n<div><\/div>\n<div>Packungsgr\u00f6\u00dfe: 6,5 \u00d7 6,5 \u00d7 9 cm<\/div>","protected":false},"featured_media":20214478,"comment_status":"open","ping_status":"closed","template":"","meta":{"om_disable_all_campaigns":false,"_monsterinsights_skip_tracking":false,"_monsterinsights_sitenote_active":false,"_monsterinsights_sitenote_note":"","_monsterinsights_sitenote_category":0},"product_brand":[],"product_cat":[256,80,88],"product_tag":[126],"class_list":{"0":"post-20214614","1":"product","2":"type-product","3":"status-publish","4":"has-post-thumbnail","6":"product_cat-chilisauce","7":"product_cat-gewuerze","8":"product_cat-angebote","9":"product_tag-finna","11":"first","12":"instock","13":"sale","14":"purchasable","15":"product-type-simple"},"aioseo_notices":[],"_links":{"self":[{"href":"https:\/\/javataste.de\/en\/wp-json\/wp\/v2\/product\/20214614","targetHints":{"allow":["GET"]}}],"collection":[{"href":"https:\/\/javataste.de\/en\/wp-json\/wp\/v2\/product"}],"about":[{"href":"https:\/\/javataste.de\/en\/wp-json\/wp\/v2\/types\/product"}],"replies":[{"embeddable":true,"href":"https:\/\/javataste.de\/en\/wp-json\/wp\/v2\/comments?post=20214614"}],"wp:featuredmedia":[{"embeddable":true,"href":"https:\/\/javataste.de\/en\/wp-json\/wp\/v2\/media\/20214478"}],"wp:attachment":[{"href":"https:\/\/javataste.de\/en\/wp-json\/wp\/v2\/media?parent=20214614"}],"wp:term":[{"taxonomy":"product_brand","embeddable":true,"href":"https:\/\/javataste.de\/en\/wp-json\/wp\/v2\/product_brand?post=20214614"},{"taxonomy":"product_cat","embeddable":true,"href":"https:\/\/javataste.de\/en\/wp-json\/wp\/v2\/product_cat?post=20214614"},{"taxonomy":"product_tag","embeddable":true,"href":"https:\/\/javataste.de\/en\/wp-json\/wp\/v2\/product_tag?post=20214614"}],"curies":[{"name":"wp","href":"https:\/\/api.w.org\/{rel}","templated":true}]}}