{"id":20214613,"date":"2021-04-07T20:49:38","date_gmt":"2021-04-07T18:49:38","guid":{"rendered":"https:\/\/javataste.de\/?post_type=product&#038;p=20214613"},"modified":"2026-04-09T13:36:08","modified_gmt":"2026-04-09T11:36:08","slug":"finna-sambal-uleg-ijo-gruene-chili-190g","status":"publish","type":"product","link":"https:\/\/javataste.de\/en\/product\/finna-sambal-uleg-ijo-gruene-chili-190g\/","title":{"rendered":"FINNA Sambal Uleg Ijo \u2014 Gr\u00fcne Chili 190g [MHD 9.4.26]"},"content":{"rendered":"","protected":false},"excerpt":{"rendered":"<p>gemischte gr\u00fcne Chilisauce von Finna, Chili und gr\u00fcne Chili<\/p>","protected":false},"featured_media":20214477,"comment_status":"open","ping_status":"closed","template":"","meta":{"om_disable_all_campaigns":false,"_monsterinsights_skip_tracking":false,"_monsterinsights_sitenote_active":false,"_monsterinsights_sitenote_note":"","_monsterinsights_sitenote_category":0},"product_brand":[],"product_cat":[256,79,88],"product_tag":[126],"class_list":{"0":"post-20214613","1":"product","2":"type-product","3":"status-publish","4":"has-post-thumbnail","6":"product_cat-chilisauce","7":"product_cat-lebensmittel","8":"product_cat-angebote","9":"product_tag-finna","11":"first","12":"instock","13":"sale","14":"purchasable","15":"product-type-simple"},"aioseo_notices":[],"_links":{"self":[{"href":"https:\/\/javataste.de\/en\/wp-json\/wp\/v2\/product\/20214613","targetHints":{"allow":["GET"]}}],"collection":[{"href":"https:\/\/javataste.de\/en\/wp-json\/wp\/v2\/product"}],"about":[{"href":"https:\/\/javataste.de\/en\/wp-json\/wp\/v2\/types\/product"}],"replies":[{"embeddable":true,"href":"https:\/\/javataste.de\/en\/wp-json\/wp\/v2\/comments?post=20214613"}],"wp:featuredmedia":[{"embeddable":true,"href":"https:\/\/javataste.de\/en\/wp-json\/wp\/v2\/media\/20214477"}],"wp:attachment":[{"href":"https:\/\/javataste.de\/en\/wp-json\/wp\/v2\/media?parent=20214613"}],"wp:term":[{"taxonomy":"product_brand","embeddable":true,"href":"https:\/\/javataste.de\/en\/wp-json\/wp\/v2\/product_brand?post=20214613"},{"taxonomy":"product_cat","embeddable":true,"href":"https:\/\/javataste.de\/en\/wp-json\/wp\/v2\/product_cat?post=20214613"},{"taxonomy":"product_tag","embeddable":true,"href":"https:\/\/javataste.de\/en\/wp-json\/wp\/v2\/product_tag?post=20214613"}],"curies":[{"name":"wp","href":"https:\/\/api.w.org\/{rel}","templated":true}]}}