{"id":20214612,"date":"2021-04-07T20:49:38","date_gmt":"2021-04-07T18:49:38","guid":{"rendered":"https:\/\/javataste.de\/?post_type=product&#038;p=20214612"},"modified":"2026-04-06T07:08:34","modified_gmt":"2026-04-06T05:08:34","slug":"finna-sambal-uleg-bawang-knoblauch-190g","status":"publish","type":"product","link":"https:\/\/javataste.de\/en\/product\/finna-sambal-uleg-bawang-knoblauch-190g\/","title":{"rendered":"FINNA Sambal Uleg Bawang \u2014 Knoblauch 190g [MHD 29.3.26]"},"content":{"rendered":"<p>gemischte Chilisauce die mit Hauptzutaten Chili und Bawang (Knoblauch) ist, das passt perfect als Basis f\u00fcr Tumis und Nasi Goreng<\/p>\n<p>FINNA pr\u00e4sentiert hausgemachtes Sambal Bawang aus ausgew\u00e4hlten Chilis und Zwiebeln, kombiniert mit hochwertigen Gew\u00fcrzen, f\u00fcr noch k\u00f6stlichere Familienmahlzeiten.<\/p>\n<p>Gebrauchsanweisung: Nach Gebrauch gut verschlie\u00dfen. Nach dem \u00d6ffnen innerhalb eines Monats verbrauchen. Geeignet als Beilage zu verschiedenen Gerichten, z. B. als Chilisauce f\u00fcr Geprek-Reis, Penyetan-Reis, Seblak, Burger, als Grundzutat f\u00fcr die K\u00fcche usw.<\/p>","protected":false},"excerpt":{"rendered":"<p>gemischte Knoblauch-Chilisauce von Finna, Chili, Knoblauch<\/p>\n<p>Zutaten: Schalotten (39,26 %), Chilis, Wasser, Salz, Pflanzen\u00f6l, S\u00e4ureregulator Essigs\u00e4ure, Geschmacksverst\u00e4rker Mononatriumglutamat, Konservierungsstoffe (Natriumbenzoat und Kaliumsorbat).<\/p>\n<p>Verpackungsgr\u00f6\u00dfe: 6,5 x 6,5 x 9 cm<\/p>","protected":false},"featured_media":20214476,"comment_status":"open","ping_status":"closed","template":"","meta":{"om_disable_all_campaigns":false,"_monsterinsights_skip_tracking":false,"_monsterinsights_sitenote_active":false,"_monsterinsights_sitenote_note":"","_monsterinsights_sitenote_category":0},"product_brand":[],"product_cat":[256,80,88],"product_tag":[126],"class_list":{"0":"post-20214612","1":"product","2":"type-product","3":"status-publish","4":"has-post-thumbnail","6":"product_cat-chilisauce","7":"product_cat-gewuerze","8":"product_cat-angebote","9":"product_tag-finna","11":"first","12":"instock","13":"sale","14":"purchasable","15":"product-type-simple"},"aioseo_notices":[],"_links":{"self":[{"href":"https:\/\/javataste.de\/en\/wp-json\/wp\/v2\/product\/20214612","targetHints":{"allow":["GET"]}}],"collection":[{"href":"https:\/\/javataste.de\/en\/wp-json\/wp\/v2\/product"}],"about":[{"href":"https:\/\/javataste.de\/en\/wp-json\/wp\/v2\/types\/product"}],"replies":[{"embeddable":true,"href":"https:\/\/javataste.de\/en\/wp-json\/wp\/v2\/comments?post=20214612"}],"wp:featuredmedia":[{"embeddable":true,"href":"https:\/\/javataste.de\/en\/wp-json\/wp\/v2\/media\/20214476"}],"wp:attachment":[{"href":"https:\/\/javataste.de\/en\/wp-json\/wp\/v2\/media?parent=20214612"}],"wp:term":[{"taxonomy":"product_brand","embeddable":true,"href":"https:\/\/javataste.de\/en\/wp-json\/wp\/v2\/product_brand?post=20214612"},{"taxonomy":"product_cat","embeddable":true,"href":"https:\/\/javataste.de\/en\/wp-json\/wp\/v2\/product_cat?post=20214612"},{"taxonomy":"product_tag","embeddable":true,"href":"https:\/\/javataste.de\/en\/wp-json\/wp\/v2\/product_tag?post=20214612"}],"curies":[{"name":"wp","href":"https:\/\/api.w.org\/{rel}","templated":true}]}}