{"id":20214551,"date":"2021-04-07T20:30:46","date_gmt":"2021-04-07T20:30:46","guid":{"rendered":"https:\/\/javataste.de\/?post_type=product&#038;p=20214551"},"modified":"2023-03-16T16:26:55","modified_gmt":"2023-03-16T16:26:55","slug":"indomie-mi-gor-rendang-80g","status":"publish","type":"product","link":"https:\/\/javataste.de\/en\/product\/indomie-mi-gor-rendang-80g\/","title":{"rendered":"Indomie Mi Gor. Rendang 80g"},"content":{"rendered":"","protected":false},"excerpt":{"rendered":"<p>Indomie Mi Goreng Rendang Instant Nudelgericht<br \/>Zutaten:Nudeln: Weizenmehl (65%), Pflanzen\u00f6l (enth\u00e4lt Antioxidant E 306) , Tapiokast\u00e4rke, Salz, Mehlbehandlungsmittel (E 501, E 500), Verdickungsmittel (E 412), Farbstoff (E 101)<br \/>W\u00fcrzung: Salz, Zucker, Geschmackverst\u00e4rker (E 621, E 631, E 627), Rindfleischaroma, Zwiebelpulver, Knoblauchpulver, Kokosnusspulver, Pfeffer, Nelken, Sternanis, Farbstoff (E 150d)<br \/>W\u00fcrz\u00f6l: Raffiniertes Palm\u00f6l (enth\u00e4lt Antioxidant E 306), Chili, Knoblauch, Zwiebeln, Kr\u00e4uter, Kemirinuss<br \/>S\u00fc\u00dfe Sojaso\u00dfe: Zucker, Wasser, Salz, Weizenmehl, Sojabohnen, Gew\u00fcrze, Sesam\u00f6l<br \/>Chilipulver, ger\u00f6stete rote Schalotten<\/p>","protected":false},"featured_media":20214493,"comment_status":"open","ping_status":"closed","template":"","meta":{"om_disable_all_campaigns":false,"_monsterinsights_skip_tracking":false,"_monsterinsights_sitenote_active":false,"_monsterinsights_sitenote_note":"","_monsterinsights_sitenote_category":0},"product_brand":[],"product_cat":[79],"product_tag":[128],"class_list":{"0":"post-20214551","1":"product","2":"type-product","3":"status-publish","4":"has-post-thumbnail","6":"product_cat-lebensmittel","7":"product_tag-indomie","9":"first","10":"outofstock","11":"purchasable","12":"product-type-simple"},"aioseo_notices":[],"_links":{"self":[{"href":"https:\/\/javataste.de\/en\/wp-json\/wp\/v2\/product\/20214551","targetHints":{"allow":["GET"]}}],"collection":[{"href":"https:\/\/javataste.de\/en\/wp-json\/wp\/v2\/product"}],"about":[{"href":"https:\/\/javataste.de\/en\/wp-json\/wp\/v2\/types\/product"}],"replies":[{"embeddable":true,"href":"https:\/\/javataste.de\/en\/wp-json\/wp\/v2\/comments?post=20214551"}],"wp:featuredmedia":[{"embeddable":true,"href":"https:\/\/javataste.de\/en\/wp-json\/wp\/v2\/media\/20214493"}],"wp:attachment":[{"href":"https:\/\/javataste.de\/en\/wp-json\/wp\/v2\/media?parent=20214551"}],"wp:term":[{"taxonomy":"product_brand","embeddable":true,"href":"https:\/\/javataste.de\/en\/wp-json\/wp\/v2\/product_brand?post=20214551"},{"taxonomy":"product_cat","embeddable":true,"href":"https:\/\/javataste.de\/en\/wp-json\/wp\/v2\/product_cat?post=20214551"},{"taxonomy":"product_tag","embeddable":true,"href":"https:\/\/javataste.de\/en\/wp-json\/wp\/v2\/product_tag?post=20214551"}],"curies":[{"name":"wp","href":"https:\/\/api.w.org\/{rel}","templated":true}]}}