{"id":20214549,"date":"2021-04-07T20:30:45","date_gmt":"2021-04-07T20:30:45","guid":{"rendered":"https:\/\/javataste.de\/?post_type=product&#038;p=20214549"},"modified":"2023-03-16T16:26:55","modified_gmt":"2023-03-16T16:26:55","slug":"indomie-mi-goreng-80g","status":"publish","type":"product","link":"https:\/\/javataste.de\/en\/product\/indomie-mi-goreng-80g\/","title":{"rendered":"Indomie Mi Goreng 80g"},"content":{"rendered":"","protected":false},"excerpt":{"rendered":"<p>Indomie Mi Goreng Instant Nudelgericht<br \/>Zutaten: Nudeln: Weizenmehl, Palm\u00f6l, Tapiokast\u00e4rke, Salz, Mehlbehandlungsmittel (E 501, E 500), Verdickungsmittel (E 412), Farbstoff (E 101), Antioxidant (E 306)<br \/>W\u00fcrzung: Salz, Geschmackverst\u00e4rker (E 621), Zucker, H\u00fchnerfleischaroma, Sojaeiwei\u00df, Knoblauchpulver, Pfeffer<br \/>\u00d6l: Pflanzen\u00f6l, Zwiebelextrakt<br \/>Chilipulver (scharf)<br \/>Sojaso\u00dfe: Soja, Zucker<\/p>","protected":false},"featured_media":20214491,"comment_status":"open","ping_status":"closed","template":"","meta":{"om_disable_all_campaigns":false,"_monsterinsights_skip_tracking":false,"_monsterinsights_sitenote_active":false,"_monsterinsights_sitenote_note":"","_monsterinsights_sitenote_category":0},"product_brand":[],"product_cat":[79],"product_tag":[128],"class_list":{"0":"post-20214549","1":"product","2":"type-product","3":"status-publish","4":"has-post-thumbnail","6":"product_cat-lebensmittel","7":"product_tag-indomie","9":"first","10":"outofstock","11":"purchasable","12":"product-type-simple"},"aioseo_notices":[],"_links":{"self":[{"href":"https:\/\/javataste.de\/en\/wp-json\/wp\/v2\/product\/20214549","targetHints":{"allow":["GET"]}}],"collection":[{"href":"https:\/\/javataste.de\/en\/wp-json\/wp\/v2\/product"}],"about":[{"href":"https:\/\/javataste.de\/en\/wp-json\/wp\/v2\/types\/product"}],"replies":[{"embeddable":true,"href":"https:\/\/javataste.de\/en\/wp-json\/wp\/v2\/comments?post=20214549"}],"wp:featuredmedia":[{"embeddable":true,"href":"https:\/\/javataste.de\/en\/wp-json\/wp\/v2\/media\/20214491"}],"wp:attachment":[{"href":"https:\/\/javataste.de\/en\/wp-json\/wp\/v2\/media?parent=20214549"}],"wp:term":[{"taxonomy":"product_brand","embeddable":true,"href":"https:\/\/javataste.de\/en\/wp-json\/wp\/v2\/product_brand?post=20214549"},{"taxonomy":"product_cat","embeddable":true,"href":"https:\/\/javataste.de\/en\/wp-json\/wp\/v2\/product_cat?post=20214549"},{"taxonomy":"product_tag","embeddable":true,"href":"https:\/\/javataste.de\/en\/wp-json\/wp\/v2\/product_tag?post=20214549"}],"curies":[{"name":"wp","href":"https:\/\/api.w.org\/{rel}","templated":true}]}}