{"id":20214421,"date":"2021-03-29T11:02:22","date_gmt":"2021-03-29T09:02:22","guid":{"rendered":"https:\/\/javataste.de\/?post_type=product&#038;p=20214421"},"modified":"2026-02-11T13:24:19","modified_gmt":"2026-02-11T12:24:19","slug":"abc-scharf-und-suesse-chilisosse-sambal-manis-pedas-335ml","status":"publish","type":"product","link":"https:\/\/javataste.de\/en\/product\/abc-scharf-und-suesse-chilisosse-sambal-manis-pedas-335ml\/","title":{"rendered":"ABC Scharf und S\u00fc\u00dfe Chiliso\u00dfe \u2014 Sambal Manis Pedas 335ml"},"content":{"rendered":"<p>Diese s\u00fc\u00dfe Chili Sauce ist sehr geeignet f\u00fcr das Dipping von Speisen aber man kann diese auch zum Verfeinern von einer Suppe mit z.B. Bakso (Meatball) verwenden.<\/p>","protected":false},"excerpt":{"rendered":"<p>ABC HOT &amp; SWEET CHILLI SAUCE 335 ML.<\/p>","protected":false},"featured_media":20214423,"comment_status":"open","ping_status":"closed","template":"","meta":{"om_disable_all_campaigns":false,"_monsterinsights_skip_tracking":false,"_monsterinsights_sitenote_active":false,"_monsterinsights_sitenote_note":"","_monsterinsights_sitenote_category":0},"product_brand":[],"product_cat":[256,79],"product_tag":[112,312,274],"class_list":{"0":"post-20214421","1":"product","2":"type-product","3":"status-publish","4":"has-post-thumbnail","6":"product_cat-chilisauce","7":"product_cat-lebensmittel","8":"product_tag-abc","9":"product_tag-sambal","10":"product_tag-scharf","12":"first","13":"instock","14":"purchasable","15":"product-type-simple"},"aioseo_notices":[],"_links":{"self":[{"href":"https:\/\/javataste.de\/en\/wp-json\/wp\/v2\/product\/20214421","targetHints":{"allow":["GET"]}}],"collection":[{"href":"https:\/\/javataste.de\/en\/wp-json\/wp\/v2\/product"}],"about":[{"href":"https:\/\/javataste.de\/en\/wp-json\/wp\/v2\/types\/product"}],"replies":[{"embeddable":true,"href":"https:\/\/javataste.de\/en\/wp-json\/wp\/v2\/comments?post=20214421"}],"wp:featuredmedia":[{"embeddable":true,"href":"https:\/\/javataste.de\/en\/wp-json\/wp\/v2\/media\/20214423"}],"wp:attachment":[{"href":"https:\/\/javataste.de\/en\/wp-json\/wp\/v2\/media?parent=20214421"}],"wp:term":[{"taxonomy":"product_brand","embeddable":true,"href":"https:\/\/javataste.de\/en\/wp-json\/wp\/v2\/product_brand?post=20214421"},{"taxonomy":"product_cat","embeddable":true,"href":"https:\/\/javataste.de\/en\/wp-json\/wp\/v2\/product_cat?post=20214421"},{"taxonomy":"product_tag","embeddable":true,"href":"https:\/\/javataste.de\/en\/wp-json\/wp\/v2\/product_tag?post=20214421"}],"curies":[{"name":"wp","href":"https:\/\/api.w.org\/{rel}","templated":true}]}}