{"id":20214356,"date":"2021-03-23T20:25:23","date_gmt":"2021-03-23T19:25:23","guid":{"rendered":"https:\/\/javataste.de\/?post_type=product&#038;p=20214356"},"modified":"2026-02-11T13:32:10","modified_gmt":"2026-02-11T12:32:10","slug":"karangsari-erdnuss-sosse-mild-200g","status":"publish","type":"product","link":"https:\/\/javataste.de\/en\/product\/karangsari-erdnuss-sosse-mild-200g\/","title":{"rendered":"KARANGSARI Erdnuss So\u00dfe Mild 200g, Sambel Pecel tidak pedas"},"content":{"rendered":"<p>Diese Erdnu\u00dfsauce ist leicht scharf, perfekt zum verfeinern ihrer Gerichte wie zu gegrilltem Fleisch oder als Gado-Gado (Dressing f\u00fcr Gem\u00fcse). In Ost-Java wird sie als Sauce zum Nasi Pecel mit Tempe Goreng zum Fr\u00fchst\u00fcck gegessen.<\/p>","protected":false},"excerpt":{"rendered":"<p>leicht scharfe Erdnu\u00dfsauce 200g von Karangsari Zutaten: Erdnu\u00df, Palmzucker, Chili, Salz, Knoblauch, Kencur, Zitronenblatt Tamarin<\/p>","protected":false},"featured_media":20214382,"comment_status":"open","ping_status":"closed","template":"","meta":{"om_disable_all_campaigns":false,"_monsterinsights_skip_tracking":false,"_monsterinsights_sitenote_active":false,"_monsterinsights_sitenote_note":"","_monsterinsights_sitenote_category":0},"product_brand":[],"product_cat":[79],"product_tag":[118],"class_list":{"0":"post-20214356","1":"product","2":"type-product","3":"status-publish","4":"has-post-thumbnail","6":"product_cat-lebensmittel","7":"product_tag-karangsari","9":"first","10":"instock","11":"purchasable","12":"product-type-simple"},"aioseo_notices":[],"_links":{"self":[{"href":"https:\/\/javataste.de\/en\/wp-json\/wp\/v2\/product\/20214356","targetHints":{"allow":["GET"]}}],"collection":[{"href":"https:\/\/javataste.de\/en\/wp-json\/wp\/v2\/product"}],"about":[{"href":"https:\/\/javataste.de\/en\/wp-json\/wp\/v2\/types\/product"}],"replies":[{"embeddable":true,"href":"https:\/\/javataste.de\/en\/wp-json\/wp\/v2\/comments?post=20214356"}],"wp:featuredmedia":[{"embeddable":true,"href":"https:\/\/javataste.de\/en\/wp-json\/wp\/v2\/media\/20214382"}],"wp:attachment":[{"href":"https:\/\/javataste.de\/en\/wp-json\/wp\/v2\/media?parent=20214356"}],"wp:term":[{"taxonomy":"product_brand","embeddable":true,"href":"https:\/\/javataste.de\/en\/wp-json\/wp\/v2\/product_brand?post=20214356"},{"taxonomy":"product_cat","embeddable":true,"href":"https:\/\/javataste.de\/en\/wp-json\/wp\/v2\/product_cat?post=20214356"},{"taxonomy":"product_tag","embeddable":true,"href":"https:\/\/javataste.de\/en\/wp-json\/wp\/v2\/product_tag?post=20214356"}],"curies":[{"name":"wp","href":"https:\/\/api.w.org\/{rel}","templated":true}]}}