{"id":20214353,"date":"2021-03-23T20:25:22","date_gmt":"2021-03-23T19:25:22","guid":{"rendered":"https:\/\/javataste.de\/?post_type=product&#038;p=20214353"},"modified":"2025-08-15T20:11:25","modified_gmt":"2025-08-15T18:11:25","slug":"bamboe-bumbu-balado-50g","status":"publish","type":"product","link":"https:\/\/javataste.de\/en\/product\/bamboe-bumbu-balado-50g\/","title":{"rendered":"BAMBOE Bumbu Balado 50g"},"content":{"rendered":"<p>Dieses indonesische Chilligericht kann entweder als vegetarian wie Tofu Tempe und Eier oder auch mit Fleisch je nach Belieben zubereitet werden. Es wird am besten warm mit Reis dazu serviert.<\/p>","protected":false},"excerpt":{"rendered":"<p>Bumbu Balado 35g Zutaten: Schalotten, Knoblauch, Chili,Tomaten, Zucker, Salz, Palm\u00f6l, Zitronengras, H\u00fchnerbr\u00fche Pulver, Shrimp Paste und Zitronenbl\u00e4tter<\/p>","protected":false},"featured_media":20214379,"comment_status":"open","ping_status":"closed","template":"","meta":{"om_disable_all_campaigns":false,"_monsterinsights_skip_tracking":false,"_monsterinsights_sitenote_active":false,"_monsterinsights_sitenote_note":"","_monsterinsights_sitenote_category":0},"product_brand":[],"product_cat":[80],"product_tag":[117],"class_list":{"0":"post-20214353","1":"product","2":"type-product","3":"status-publish","4":"has-post-thumbnail","6":"product_cat-gewuerze","7":"product_tag-bamboe","9":"first","10":"outofstock","11":"purchasable","12":"product-type-simple"},"aioseo_notices":[],"_links":{"self":[{"href":"https:\/\/javataste.de\/en\/wp-json\/wp\/v2\/product\/20214353","targetHints":{"allow":["GET"]}}],"collection":[{"href":"https:\/\/javataste.de\/en\/wp-json\/wp\/v2\/product"}],"about":[{"href":"https:\/\/javataste.de\/en\/wp-json\/wp\/v2\/types\/product"}],"replies":[{"embeddable":true,"href":"https:\/\/javataste.de\/en\/wp-json\/wp\/v2\/comments?post=20214353"}],"wp:featuredmedia":[{"embeddable":true,"href":"https:\/\/javataste.de\/en\/wp-json\/wp\/v2\/media\/20214379"}],"wp:attachment":[{"href":"https:\/\/javataste.de\/en\/wp-json\/wp\/v2\/media?parent=20214353"}],"wp:term":[{"taxonomy":"product_brand","embeddable":true,"href":"https:\/\/javataste.de\/en\/wp-json\/wp\/v2\/product_brand?post=20214353"},{"taxonomy":"product_cat","embeddable":true,"href":"https:\/\/javataste.de\/en\/wp-json\/wp\/v2\/product_cat?post=20214353"},{"taxonomy":"product_tag","embeddable":true,"href":"https:\/\/javataste.de\/en\/wp-json\/wp\/v2\/product_tag?post=20214353"}],"curies":[{"name":"wp","href":"https:\/\/api.w.org\/{rel}","templated":true}]}}