{"id":20214351,"date":"2021-03-23T20:25:21","date_gmt":"2021-03-23T19:25:21","guid":{"rendered":"https:\/\/javataste.de\/?post_type=product&#038;p=20214351"},"modified":"2026-02-24T14:27:30","modified_gmt":"2026-02-24T13:27:30","slug":"bamboe-sop-suppe-haehnchenrindochsen-49g","status":"publish","type":"product","link":"https:\/\/javataste.de\/en\/product\/bamboe-sop-suppe-haehnchenrindochsen-49g\/","title":{"rendered":"BAMBOE Sop \u2014 Suppe H\u00e4hnchen\/Rind\/Ochsen 49g"},"content":{"rendered":"<p>Man hat die Auswahl ob man diese kr\u00e4ftige Klar Br\u00fche mit H\u00e4hnchen Rind oder Oxtail zubereiten will. Das ber\u00fchmte Oxtail Sop wird mit langen gr\u00fcnen Bohnen Cabbage und Kartofeln zusammen gekocht. Es wird dazu Reis und Sambal serviert.<\/p>","protected":false},"excerpt":{"rendered":"<p>Sop 49g Zutaten: Gew\u00fcrzmischung f\u00fcr H\u00e4hnchen\/Rind\/Ochsenschwanzsuppe Zutaten: Rote Schalotten Pfeffer Muskatnuss Salz Pflanzen\u00f6l<\/p>","protected":false},"featured_media":20214377,"comment_status":"open","ping_status":"closed","template":"","meta":{"om_disable_all_campaigns":false,"_monsterinsights_skip_tracking":false,"_monsterinsights_sitenote_active":false,"_monsterinsights_sitenote_note":"","_monsterinsights_sitenote_category":0},"product_brand":[],"product_cat":[80],"product_tag":[117],"class_list":{"0":"post-20214351","1":"product","2":"type-product","3":"status-publish","4":"has-post-thumbnail","6":"product_cat-gewuerze","7":"product_tag-bamboe","9":"first","10":"instock","11":"purchasable","12":"product-type-simple"},"aioseo_notices":[],"_links":{"self":[{"href":"https:\/\/javataste.de\/en\/wp-json\/wp\/v2\/product\/20214351","targetHints":{"allow":["GET"]}}],"collection":[{"href":"https:\/\/javataste.de\/en\/wp-json\/wp\/v2\/product"}],"about":[{"href":"https:\/\/javataste.de\/en\/wp-json\/wp\/v2\/types\/product"}],"replies":[{"embeddable":true,"href":"https:\/\/javataste.de\/en\/wp-json\/wp\/v2\/comments?post=20214351"}],"wp:featuredmedia":[{"embeddable":true,"href":"https:\/\/javataste.de\/en\/wp-json\/wp\/v2\/media\/20214377"}],"wp:attachment":[{"href":"https:\/\/javataste.de\/en\/wp-json\/wp\/v2\/media?parent=20214351"}],"wp:term":[{"taxonomy":"product_brand","embeddable":true,"href":"https:\/\/javataste.de\/en\/wp-json\/wp\/v2\/product_brand?post=20214351"},{"taxonomy":"product_cat","embeddable":true,"href":"https:\/\/javataste.de\/en\/wp-json\/wp\/v2\/product_cat?post=20214351"},{"taxonomy":"product_tag","embeddable":true,"href":"https:\/\/javataste.de\/en\/wp-json\/wp\/v2\/product_tag?post=20214351"}],"curies":[{"name":"wp","href":"https:\/\/api.w.org\/{rel}","templated":true}]}}