{"id":20214339,"date":"2021-03-23T20:24:55","date_gmt":"2021-03-23T19:24:55","guid":{"rendered":"https:\/\/javataste.de\/?post_type=product&#038;p=20214339"},"modified":"2025-08-15T20:10:45","modified_gmt":"2025-08-15T18:10:45","slug":"bamboe-sayur-asem","status":"publish","type":"product","link":"https:\/\/javataste.de\/en\/product\/bamboe-sayur-asem\/","title":{"rendered":"BAMBOE Sayur Asem"},"content":{"rendered":"<p>Sayur Asem ist eine Gem\u00fcse Suppe einen leicht s\u00e4uerlichen Geschmack durch frischen Tamararind hat. Es wird am liebsten an hei\u00dfen Tagen als leichtes Mittagesssen gegessen. Es wird mir Reis, Sambal Trasi und Ikan Goreng verfeinert. <\/p>","protected":false},"excerpt":{"rendered":"<p>Sayur Asem 60g Zutaten: Schalotten, Galgant, Tamarinde, Salz, Planzen\u00f6l, Chili, Knoblauch und Zucker<\/p>","protected":false},"featured_media":20214375,"comment_status":"open","ping_status":"closed","template":"","meta":{"om_disable_all_campaigns":false,"_monsterinsights_skip_tracking":false,"_monsterinsights_sitenote_active":false,"_monsterinsights_sitenote_note":"","_monsterinsights_sitenote_category":0},"product_brand":[],"product_cat":[80],"product_tag":[117],"class_list":{"0":"post-20214339","1":"product","2":"type-product","3":"status-publish","4":"has-post-thumbnail","6":"product_cat-gewuerze","7":"product_tag-bamboe","9":"first","10":"outofstock","11":"purchasable","12":"product-type-simple"},"aioseo_notices":[],"_links":{"self":[{"href":"https:\/\/javataste.de\/en\/wp-json\/wp\/v2\/product\/20214339","targetHints":{"allow":["GET"]}}],"collection":[{"href":"https:\/\/javataste.de\/en\/wp-json\/wp\/v2\/product"}],"about":[{"href":"https:\/\/javataste.de\/en\/wp-json\/wp\/v2\/types\/product"}],"replies":[{"embeddable":true,"href":"https:\/\/javataste.de\/en\/wp-json\/wp\/v2\/comments?post=20214339"}],"wp:featuredmedia":[{"embeddable":true,"href":"https:\/\/javataste.de\/en\/wp-json\/wp\/v2\/media\/20214375"}],"wp:attachment":[{"href":"https:\/\/javataste.de\/en\/wp-json\/wp\/v2\/media?parent=20214339"}],"wp:term":[{"taxonomy":"product_brand","embeddable":true,"href":"https:\/\/javataste.de\/en\/wp-json\/wp\/v2\/product_brand?post=20214339"},{"taxonomy":"product_cat","embeddable":true,"href":"https:\/\/javataste.de\/en\/wp-json\/wp\/v2\/product_cat?post=20214339"},{"taxonomy":"product_tag","embeddable":true,"href":"https:\/\/javataste.de\/en\/wp-json\/wp\/v2\/product_tag?post=20214339"}],"curies":[{"name":"wp","href":"https:\/\/api.w.org\/{rel}","templated":true}]}}