{"id":20214338,"date":"2021-03-23T20:24:55","date_gmt":"2021-03-23T19:24:55","guid":{"rendered":"https:\/\/javataste.de\/?post_type=product&#038;p=20214338"},"modified":"2026-04-20T20:17:46","modified_gmt":"2026-04-20T18:17:46","slug":"bamboe-sambal-goreng-ati","status":"publish","type":"product","link":"https:\/\/javataste.de\/en\/product\/bamboe-sambal-goreng-ati\/","title":{"rendered":"BAMBOE Sambal Goreng Ati 54g"},"content":{"rendered":"<p>Diese Gew\u00fcrzmischung ist am liebsten f\u00fcr die Zubereitung von Leber und Pete kann man aber auch f\u00fcr jedes Fleischgericht damit zubereiten und es mit ihrem Lieblingsgem\u00fcse verfeinern.<\/p>","protected":false},"excerpt":{"rendered":"<p>Sambal Goreng Ati 54g Bawang merah cabai lengkuas garam minyak sayur gula bawang putih<\/p>","protected":false},"featured_media":20214374,"comment_status":"open","ping_status":"closed","template":"","meta":{"om_disable_all_campaigns":false,"_monsterinsights_skip_tracking":false,"_monsterinsights_sitenote_active":false,"_monsterinsights_sitenote_note":"","_monsterinsights_sitenote_category":0},"product_brand":[],"product_cat":[80],"product_tag":[117],"class_list":{"0":"post-20214338","1":"product","2":"type-product","3":"status-publish","4":"has-post-thumbnail","6":"product_cat-gewuerze","7":"product_tag-bamboe","9":"first","10":"instock","11":"purchasable","12":"product-type-simple"},"aioseo_notices":[],"_links":{"self":[{"href":"https:\/\/javataste.de\/en\/wp-json\/wp\/v2\/product\/20214338","targetHints":{"allow":["GET"]}}],"collection":[{"href":"https:\/\/javataste.de\/en\/wp-json\/wp\/v2\/product"}],"about":[{"href":"https:\/\/javataste.de\/en\/wp-json\/wp\/v2\/types\/product"}],"replies":[{"embeddable":true,"href":"https:\/\/javataste.de\/en\/wp-json\/wp\/v2\/comments?post=20214338"}],"wp:featuredmedia":[{"embeddable":true,"href":"https:\/\/javataste.de\/en\/wp-json\/wp\/v2\/media\/20214374"}],"wp:attachment":[{"href":"https:\/\/javataste.de\/en\/wp-json\/wp\/v2\/media?parent=20214338"}],"wp:term":[{"taxonomy":"product_brand","embeddable":true,"href":"https:\/\/javataste.de\/en\/wp-json\/wp\/v2\/product_brand?post=20214338"},{"taxonomy":"product_cat","embeddable":true,"href":"https:\/\/javataste.de\/en\/wp-json\/wp\/v2\/product_cat?post=20214338"},{"taxonomy":"product_tag","embeddable":true,"href":"https:\/\/javataste.de\/en\/wp-json\/wp\/v2\/product_tag?post=20214338"}],"curies":[{"name":"wp","href":"https:\/\/api.w.org\/{rel}","templated":true}]}}