{"id":20214337,"date":"2021-03-23T20:24:54","date_gmt":"2021-03-23T19:24:54","guid":{"rendered":"https:\/\/javataste.de\/?post_type=product&#038;p=20214337"},"modified":"2026-03-06T17:18:59","modified_gmt":"2026-03-06T16:18:59","slug":"bamboe-semur-69g","status":"publish","type":"product","link":"https:\/\/javataste.de\/en\/product\/bamboe-semur-69g\/","title":{"rendered":"BAMBOE Semur 69g"},"content":{"rendered":"<p>Semur ist ein asiatisches Gulasch-Gericht. Kr\u00e4ftig fleischig und w\u00fcrzig. Dies gillt naturlich auch f\u00fcr vegetarische Gerichte wie Tofu und Tempe Semur. Der volle Geschmack ist am zweiten Tag noch intensiver.<\/p>","protected":false},"excerpt":{"rendered":"<p>Semur 69g Zutaten: Rote Schalotten, Knoblauch, Pfeffer, Muskatnuss, Salz und Pflanzen\u00f6l<\/p>","protected":false},"featured_media":20214373,"comment_status":"open","ping_status":"closed","template":"","meta":{"om_disable_all_campaigns":false,"_monsterinsights_skip_tracking":false,"_monsterinsights_sitenote_active":false,"_monsterinsights_sitenote_note":"","_monsterinsights_sitenote_category":0},"product_brand":[434],"product_cat":[80],"product_tag":[117],"class_list":{"0":"post-20214337","1":"product","2":"type-product","3":"status-publish","4":"has-post-thumbnail","6":"product_brand-bamboe","7":"product_cat-gewuerze","8":"product_tag-bamboe","10":"first","11":"instock","12":"purchasable","13":"product-type-simple"},"aioseo_notices":[],"_links":{"self":[{"href":"https:\/\/javataste.de\/en\/wp-json\/wp\/v2\/product\/20214337","targetHints":{"allow":["GET"]}}],"collection":[{"href":"https:\/\/javataste.de\/en\/wp-json\/wp\/v2\/product"}],"about":[{"href":"https:\/\/javataste.de\/en\/wp-json\/wp\/v2\/types\/product"}],"replies":[{"embeddable":true,"href":"https:\/\/javataste.de\/en\/wp-json\/wp\/v2\/comments?post=20214337"}],"wp:featuredmedia":[{"embeddable":true,"href":"https:\/\/javataste.de\/en\/wp-json\/wp\/v2\/media\/20214373"}],"wp:attachment":[{"href":"https:\/\/javataste.de\/en\/wp-json\/wp\/v2\/media?parent=20214337"}],"wp:term":[{"taxonomy":"product_brand","embeddable":true,"href":"https:\/\/javataste.de\/en\/wp-json\/wp\/v2\/product_brand?post=20214337"},{"taxonomy":"product_cat","embeddable":true,"href":"https:\/\/javataste.de\/en\/wp-json\/wp\/v2\/product_cat?post=20214337"},{"taxonomy":"product_tag","embeddable":true,"href":"https:\/\/javataste.de\/en\/wp-json\/wp\/v2\/product_tag?post=20214337"}],"curies":[{"name":"wp","href":"https:\/\/api.w.org\/{rel}","templated":true}]}}