{"id":20214335,"date":"2021-03-23T20:24:54","date_gmt":"2021-03-23T19:24:54","guid":{"rendered":"https:\/\/javataste.de\/?post_type=product&#038;p=20214335"},"modified":"2026-03-21T12:43:23","modified_gmt":"2026-03-21T11:43:23","slug":"bamboe-bumbu-rujak-46g","status":"publish","type":"product","link":"https:\/\/javataste.de\/en\/product\/bamboe-bumbu-rujak-46g\/","title":{"rendered":"BAMBOE Bumbu Rujak 46g"},"content":{"rendered":"<p>Dank dieser feinen Gew\u00fcrzmischung von Bamboe kann man sich ab sofort ihr Brath\u00e4hnchen zu Hause selber braten. Diese Art von Brath\u00e4hnchen wird besonders lecker als Beilage mit frischen Gem\u00fcse zu Reistafel gegessen.<\/p>","protected":false},"excerpt":{"rendered":"<p>Bumbu Rujak 46g<\/p>","protected":false},"featured_media":20214371,"comment_status":"open","ping_status":"closed","template":"","meta":{"om_disable_all_campaigns":false,"_monsterinsights_skip_tracking":false,"_monsterinsights_sitenote_active":false,"_monsterinsights_sitenote_note":"","_monsterinsights_sitenote_category":0},"product_brand":[434],"product_cat":[80],"product_tag":[117],"class_list":{"0":"post-20214335","1":"product","2":"type-product","3":"status-publish","4":"has-post-thumbnail","6":"product_brand-bamboe","7":"product_cat-gewuerze","8":"product_tag-bamboe","10":"first","11":"instock","12":"purchasable","13":"product-type-simple"},"aioseo_notices":[],"_links":{"self":[{"href":"https:\/\/javataste.de\/en\/wp-json\/wp\/v2\/product\/20214335","targetHints":{"allow":["GET"]}}],"collection":[{"href":"https:\/\/javataste.de\/en\/wp-json\/wp\/v2\/product"}],"about":[{"href":"https:\/\/javataste.de\/en\/wp-json\/wp\/v2\/types\/product"}],"replies":[{"embeddable":true,"href":"https:\/\/javataste.de\/en\/wp-json\/wp\/v2\/comments?post=20214335"}],"wp:featuredmedia":[{"embeddable":true,"href":"https:\/\/javataste.de\/en\/wp-json\/wp\/v2\/media\/20214371"}],"wp:attachment":[{"href":"https:\/\/javataste.de\/en\/wp-json\/wp\/v2\/media?parent=20214335"}],"wp:term":[{"taxonomy":"product_brand","embeddable":true,"href":"https:\/\/javataste.de\/en\/wp-json\/wp\/v2\/product_brand?post=20214335"},{"taxonomy":"product_cat","embeddable":true,"href":"https:\/\/javataste.de\/en\/wp-json\/wp\/v2\/product_cat?post=20214335"},{"taxonomy":"product_tag","embeddable":true,"href":"https:\/\/javataste.de\/en\/wp-json\/wp\/v2\/product_tag?post=20214335"}],"curies":[{"name":"wp","href":"https:\/\/api.w.org\/{rel}","templated":true}]}}