{"id":20214334,"date":"2021-03-23T20:24:53","date_gmt":"2021-03-23T19:24:53","guid":{"rendered":"https:\/\/javataste.de\/?post_type=product&#038;p=20214334"},"modified":"2026-04-30T09:34:14","modified_gmt":"2026-04-30T07:34:14","slug":"bamboe-rawon-54g","status":"publish","type":"product","link":"https:\/\/javataste.de\/en\/product\/bamboe-rawon-54g\/","title":{"rendered":"BAMBOE Rawon 54g"},"content":{"rendered":"<p>Rawon ist eine Gew\u00fcrzmischung f\u00fcr die geschmackvolle Rindersuppe. Es wird in Ost-Java mit Reis gegessen und nach Belieben entweder mit frischem Soyaspro\u00dfen, Fr\u00fchlingszwiebeln, Chili Sauce oder mit fritierte Kartoffeln verfeinern.<\/p>","protected":false},"excerpt":{"rendered":"<p>Rawon 54g Zutaten: Rote Schalotten, Knoblauch, Galanga, Koriander, Zitronengras, Kurkuma, Chilis, Kluwek, Salz und Pflanzen\u00f6l<\/p>","protected":false},"featured_media":20214370,"comment_status":"open","ping_status":"closed","template":"","meta":{"om_disable_all_campaigns":false,"_monsterinsights_skip_tracking":false,"_monsterinsights_sitenote_active":false,"_monsterinsights_sitenote_note":"","_monsterinsights_sitenote_category":0},"product_brand":[],"product_cat":[80],"product_tag":[117],"class_list":{"0":"post-20214334","1":"product","2":"type-product","3":"status-publish","4":"has-post-thumbnail","6":"product_cat-gewuerze","7":"product_tag-bamboe","9":"first","10":"instock","11":"purchasable","12":"product-type-simple"},"aioseo_notices":[],"_links":{"self":[{"href":"https:\/\/javataste.de\/en\/wp-json\/wp\/v2\/product\/20214334","targetHints":{"allow":["GET"]}}],"collection":[{"href":"https:\/\/javataste.de\/en\/wp-json\/wp\/v2\/product"}],"about":[{"href":"https:\/\/javataste.de\/en\/wp-json\/wp\/v2\/types\/product"}],"replies":[{"embeddable":true,"href":"https:\/\/javataste.de\/en\/wp-json\/wp\/v2\/comments?post=20214334"}],"wp:featuredmedia":[{"embeddable":true,"href":"https:\/\/javataste.de\/en\/wp-json\/wp\/v2\/media\/20214370"}],"wp:attachment":[{"href":"https:\/\/javataste.de\/en\/wp-json\/wp\/v2\/media?parent=20214334"}],"wp:term":[{"taxonomy":"product_brand","embeddable":true,"href":"https:\/\/javataste.de\/en\/wp-json\/wp\/v2\/product_brand?post=20214334"},{"taxonomy":"product_cat","embeddable":true,"href":"https:\/\/javataste.de\/en\/wp-json\/wp\/v2\/product_cat?post=20214334"},{"taxonomy":"product_tag","embeddable":true,"href":"https:\/\/javataste.de\/en\/wp-json\/wp\/v2\/product_tag?post=20214334"}],"curies":[{"name":"wp","href":"https:\/\/api.w.org\/{rel}","templated":true}]}}