{"id":20214333,"date":"2021-03-23T20:24:53","date_gmt":"2021-03-23T19:24:53","guid":{"rendered":"https:\/\/javataste.de\/?post_type=product&#038;p=20214333"},"modified":"2026-04-09T11:33:08","modified_gmt":"2026-04-09T09:33:08","slug":"bamboe-soto-betawi-58g","status":"publish","type":"product","link":"https:\/\/javataste.de\/en\/product\/bamboe-soto-betawi-58g\/","title":{"rendered":"BAMBOE Soto Betawi 58g"},"content":{"rendered":"<p>Betawi sind die Ureinwohner von Jakarta. Soto Betawi kommt aus Jakarta. Eine Art von Rinder-Kokos-Suppe, die sehr cremig und intensiv nach Kokosnusgeschmack aromatisiert. Es wird mit frischen Limetten, Tomaten und Emping Melinjo verzehrt.<\/p>","protected":false},"excerpt":{"rendered":"<p>Soto Betawi 58g Zutaten: Schalotten, Knoblauch, Salz, Palm\u00f6l, Zucker, Ingwer, Nelken und Kreuzk\u00fcmmel Gew\u00fcrze<\/p>","protected":false},"featured_media":20214369,"comment_status":"open","ping_status":"closed","template":"","meta":{"om_disable_all_campaigns":false,"_monsterinsights_skip_tracking":false,"_monsterinsights_sitenote_active":false,"_monsterinsights_sitenote_note":"","_monsterinsights_sitenote_category":0},"product_brand":[],"product_cat":[80],"product_tag":[117],"class_list":{"0":"post-20214333","1":"product","2":"type-product","3":"status-publish","4":"has-post-thumbnail","6":"product_cat-gewuerze","7":"product_tag-bamboe","9":"first","10":"instock","11":"purchasable","12":"product-type-simple"},"aioseo_notices":[],"_links":{"self":[{"href":"https:\/\/javataste.de\/en\/wp-json\/wp\/v2\/product\/20214333","targetHints":{"allow":["GET"]}}],"collection":[{"href":"https:\/\/javataste.de\/en\/wp-json\/wp\/v2\/product"}],"about":[{"href":"https:\/\/javataste.de\/en\/wp-json\/wp\/v2\/types\/product"}],"replies":[{"embeddable":true,"href":"https:\/\/javataste.de\/en\/wp-json\/wp\/v2\/comments?post=20214333"}],"wp:featuredmedia":[{"embeddable":true,"href":"https:\/\/javataste.de\/en\/wp-json\/wp\/v2\/media\/20214369"}],"wp:attachment":[{"href":"https:\/\/javataste.de\/en\/wp-json\/wp\/v2\/media?parent=20214333"}],"wp:term":[{"taxonomy":"product_brand","embeddable":true,"href":"https:\/\/javataste.de\/en\/wp-json\/wp\/v2\/product_brand?post=20214333"},{"taxonomy":"product_cat","embeddable":true,"href":"https:\/\/javataste.de\/en\/wp-json\/wp\/v2\/product_cat?post=20214333"},{"taxonomy":"product_tag","embeddable":true,"href":"https:\/\/javataste.de\/en\/wp-json\/wp\/v2\/product_tag?post=20214333"}],"curies":[{"name":"wp","href":"https:\/\/api.w.org\/{rel}","templated":true}]}}