{"id":20214326,"date":"2021-03-23T20:24:50","date_gmt":"2021-03-23T19:24:50","guid":{"rendered":"https:\/\/javataste.de\/?post_type=product&#038;p=20214326"},"modified":"2025-05-05T11:58:29","modified_gmt":"2025-05-05T09:58:29","slug":"bamboe-ayam-goreng-kalasan","status":"publish","type":"product","link":"https:\/\/javataste.de\/en\/product\/bamboe-ayam-goreng-kalasan\/","title":{"rendered":"BAMBOE Ayam Goreng Kalasan"},"content":{"rendered":"<p>Dank dieser feinen Gew\u00fcrzmischung von Bamboe kann man sich ab sofort lecker w\u00fcrzige Brath\u00e4hnchen zu Hause selber braten. Diese Art von Brath\u00e4hnchen wird besonders lecker als Beilage mit frischen Gem\u00fcse zu Reistafeln gegessen.<\/p>","protected":false},"excerpt":{"rendered":"<p>Ayam Goreng Kalasan 30g <\/p>","protected":false},"featured_media":20214362,"comment_status":"open","ping_status":"closed","template":"","meta":{"om_disable_all_campaigns":false,"_monsterinsights_skip_tracking":false,"_monsterinsights_sitenote_active":false,"_monsterinsights_sitenote_note":"","_monsterinsights_sitenote_category":0},"product_brand":[],"product_cat":[80],"product_tag":[117],"class_list":{"0":"post-20214326","1":"product","2":"type-product","3":"status-publish","4":"has-post-thumbnail","6":"product_cat-gewuerze","7":"product_tag-bamboe","9":"first","10":"outofstock","11":"purchasable","12":"product-type-simple"},"aioseo_notices":[],"_links":{"self":[{"href":"https:\/\/javataste.de\/en\/wp-json\/wp\/v2\/product\/20214326","targetHints":{"allow":["GET"]}}],"collection":[{"href":"https:\/\/javataste.de\/en\/wp-json\/wp\/v2\/product"}],"about":[{"href":"https:\/\/javataste.de\/en\/wp-json\/wp\/v2\/types\/product"}],"replies":[{"embeddable":true,"href":"https:\/\/javataste.de\/en\/wp-json\/wp\/v2\/comments?post=20214326"}],"wp:featuredmedia":[{"embeddable":true,"href":"https:\/\/javataste.de\/en\/wp-json\/wp\/v2\/media\/20214362"}],"wp:attachment":[{"href":"https:\/\/javataste.de\/en\/wp-json\/wp\/v2\/media?parent=20214326"}],"wp:term":[{"taxonomy":"product_brand","embeddable":true,"href":"https:\/\/javataste.de\/en\/wp-json\/wp\/v2\/product_brand?post=20214326"},{"taxonomy":"product_cat","embeddable":true,"href":"https:\/\/javataste.de\/en\/wp-json\/wp\/v2\/product_cat?post=20214326"},{"taxonomy":"product_tag","embeddable":true,"href":"https:\/\/javataste.de\/en\/wp-json\/wp\/v2\/product_tag?post=20214326"}],"curies":[{"name":"wp","href":"https:\/\/api.w.org\/{rel}","templated":true}]}}