{"id":20214324,"date":"2021-03-23T20:24:50","date_gmt":"2021-03-23T19:24:50","guid":{"rendered":"https:\/\/javataste.de\/?post_type=product&#038;p=20214324"},"modified":"2025-08-22T18:36:20","modified_gmt":"2025-08-22T16:36:20","slug":"nivo-food-palm-zucker-250g","status":"publish","type":"product","link":"https:\/\/javataste.de\/en\/product\/nivo-food-palm-zucker-250g\/","title":{"rendered":"NIVO FOOD Palm Zucker 250g"},"content":{"rendered":"<p>Dieser dunkle javanische Palmenzucker kann in sehr vielf\u00e4ltigen Moglichkeiten eingesetzt werden. Er kann sowohl sehr gut zum S\u00fc\u00dfen von Fleischsaucen als auch f\u00fcr Kokosdesserts verwendet werden.<\/p>","protected":false},"excerpt":{"rendered":"<p>NIVO FOOD Palmenzucker 250g<\/p>","protected":false},"featured_media":20214360,"comment_status":"open","ping_status":"closed","template":"","meta":{"om_disable_all_campaigns":false,"_monsterinsights_skip_tracking":false,"_monsterinsights_sitenote_active":false,"_monsterinsights_sitenote_note":"","_monsterinsights_sitenote_category":0},"product_brand":[],"product_cat":[79,80],"product_tag":[116,330],"class_list":{"0":"post-20214324","1":"product","2":"type-product","3":"status-publish","4":"has-post-thumbnail","6":"product_cat-lebensmittel","7":"product_cat-gewuerze","8":"product_tag-nivo","9":"product_tag-palmzucker","11":"first","12":"outofstock","13":"purchasable","14":"product-type-simple"},"aioseo_notices":[],"_links":{"self":[{"href":"https:\/\/javataste.de\/en\/wp-json\/wp\/v2\/product\/20214324","targetHints":{"allow":["GET"]}}],"collection":[{"href":"https:\/\/javataste.de\/en\/wp-json\/wp\/v2\/product"}],"about":[{"href":"https:\/\/javataste.de\/en\/wp-json\/wp\/v2\/types\/product"}],"replies":[{"embeddable":true,"href":"https:\/\/javataste.de\/en\/wp-json\/wp\/v2\/comments?post=20214324"}],"wp:featuredmedia":[{"embeddable":true,"href":"https:\/\/javataste.de\/en\/wp-json\/wp\/v2\/media\/20214360"}],"wp:attachment":[{"href":"https:\/\/javataste.de\/en\/wp-json\/wp\/v2\/media?parent=20214324"}],"wp:term":[{"taxonomy":"product_brand","embeddable":true,"href":"https:\/\/javataste.de\/en\/wp-json\/wp\/v2\/product_brand?post=20214324"},{"taxonomy":"product_cat","embeddable":true,"href":"https:\/\/javataste.de\/en\/wp-json\/wp\/v2\/product_cat?post=20214324"},{"taxonomy":"product_tag","embeddable":true,"href":"https:\/\/javataste.de\/en\/wp-json\/wp\/v2\/product_tag?post=20214324"}],"curies":[{"name":"wp","href":"https:\/\/api.w.org\/{rel}","templated":true}]}}