{"id":430,"date":"2021-02-01T21:20:24","date_gmt":"2021-02-01T21:20:24","guid":{"rendered":"http:\/\/javataste.de\/bezahlmoeglichkeiten\/"},"modified":"2021-09-19T19:50:17","modified_gmt":"2021-09-19T19:50:17","slug":"bezahlmoeglichkeiten","status":"publish","type":"page","link":"https:\/\/javataste.de\/en\/bezahlmoeglichkeiten\/","title":{"rendered":"Payment methods"},"content":{"rendered":"<div class=\"woocommerce woocommerce-gzd\">\n\t<ul class=\"payment_methods methods\">\n\t\t\t\t\t<li class=\"payment_method_stripe\">\n\t\t\t\t<label>Kreditkarte (Stripe)<\/label>\n\t\t\t\t\t\t\t\t\t<div class=\"payment_box payment_method_stripe\">\n\t\t\t\t\t\t<p>Per Kreditkarte mittels Stripe bezahlen.<\/p>\n\t\t\t\t\t<\/div>\n\t\t\t\t\t\t\t<\/li>\n\t\t\t\t\t<li class=\"payment_method_paypal\">\n\t\t\t\t<label>PayPal<img decoding=\"async\" src=\"https:\/\/javataste.de\/wp-content\/plugins\/woocommerce\/includes\/gateways\/paypal\/assets\/images\/paypal.png\" alt=\"PayPal acceptance mark\" data-no-translation-alt=\"\" \/><a href=\"https:\/\/www.paypal.com\/de\/webapps\/mpp\/paypal-popup\" class=\"about_paypal\" data-no-translation=\"\" data-trp-gettext=\"\">What is PayPal?<\/a><\/label>\n\t\t\t\t\t\t\t\t\t<div class=\"payment_box payment_method_paypal\">\n\t\t\t\t\t\t<p>Mit Paypal bezahlen. Solltest du keinen Paypal-Account besitzen, kannst du auch mit deiner Kreditkarte bezahlen.<\/p>\n\t\t\t\t\t<\/div>\n\t\t\t\t\t\t\t<\/li>\n\t\t\t\t\t<li class=\"payment_method_bacs\">\n\t\t\t\t<label>Direkte Bank\u00fcberweisung<\/label>\n\t\t\t\t\t\t\t\t\t<div class=\"payment_box payment_method_bacs\">\n\t\t\t\t\t\t<p>\u00dcberweise direkt an unsere Bankverbindung. Bitte nutze die Bestellnummer als Verwendungszweck. Deine Bestellung wird erst nach Geldeingang auf unserem Konto versandt.<\/p>\n\t\t\t\t\t<\/div>\n\t\t\t\t\t\t\t<\/li>\n\t\t\t\t\t<li class=\"payment_method_cod\">\n\t\t\t\t<label>Pay in Person<\/label>\n\t\t\t\t\t\t\t\t\t<div class=\"payment_box payment_method_cod\">\n\t\t\t\t\t\t<p>Pay by card or another accepted payment method<\/p>\n\t\t\t\t\t<\/div>\n\t\t\t\t\t\t\t<\/li>\n\t\t\t<\/ul>\n<\/div>\n<div class=\"row\"  id=\"row-1117660565\">\n\n\n\t<div id=\"col-1405099264\" class=\"col small-12 large-12\"  >\n\t\t\t\t<div class=\"col-inner\"  >\n\t\t\t\n\t\t\t\n\n<h1 class=\"custom-page--tab-headline\">Zahlungsarten und Sicherheit<\/h1>\n<h4>\u00dcbermittelte Informationen<\/h4>\n<p>Liebe Kundinnen, Lieber Kunde,<br \/>beim JaVaTaste Online Shop sind Ihre Zahlungsdaten sicher vgl. Datenschutzinformation. Ihre Sicherheit steht f\u00fcr uns dabei an erster Stelle.<\/p>\n<h4>Zahlungsweisen<\/h4>\n<p>Beim JaVaTaste Online Shop haben Sie die M\u00f6glichkeit Ihre Ware gegen Vorkasse per \u00dcberweisung, Kreditkarte oder Paypal zu bestellen.<br \/>Bei Vorkasse Bestellungen erhalten Sie die Kontodaten f\u00fcr die \u00dcberweisung per Email von uns.<br \/>Wir versenden Ihre Bestellung sobald der Betrag auf unserem Konto gutgeschrieben wurde.<\/p>\n<h4>R\u00fcck\u00fcberweisung<\/h4>\n<p>Gutschriftsbetr\u00e4ge \u00fcberweisen wir auf dem gleichen Zahlungsweg zur\u00fcck auf dem Sie Ihre Bestellung bezahlt haben.<\/p>\n<h4>Mehrwertsteuer<\/h4>\n<p>*Kein Mehrwertsteuerausweis, da Kleinunternehmer nach \u00a719 (1) UStG.<\/p>\n<h4>Rechnungen<\/h4>\n<p>Die Rechnung geht bei Versand der Ware an die hinterlegte E-Mail Adresse. Zus\u00e4tzlich haben Sie auf unserem Bestellformular die M\u00f6glichkeit, eine von dieser Anschrift abweichende Rechnungsadresse anzugeben. Sie k\u00f6nnen die Rechnungskopie jederzeit \u00fcber den Kundenlogin einsehen oder von uns ein Rechnungsduplikat anfordern, das an die schon hinterlegte Rechnungsadresse geschickt wird. Dazu ben\u00f6tigen wir lediglich die Bestellnummer.<\/p>\n\n\t\t<\/div>\n\t\t\t\t\t<\/div>\n\n\t\n\n<\/div>","protected":false},"excerpt":{"rendered":"","protected":false},"author":1,"featured_media":0,"parent":0,"menu_order":0,"comment_status":"closed","ping_status":"closed","template":"","meta":{"om_disable_all_campaigns":false,"_monsterinsights_skip_tracking":false,"_monsterinsights_sitenote_active":false,"_monsterinsights_sitenote_note":"","_monsterinsights_sitenote_category":0,"footnotes":""},"class_list":["post-430","page","type-page","status-publish","hentry"],"aioseo_notices":[],"_links":{"self":[{"href":"https:\/\/javataste.de\/en\/wp-json\/wp\/v2\/pages\/430","targetHints":{"allow":["GET"]}}],"collection":[{"href":"https:\/\/javataste.de\/en\/wp-json\/wp\/v2\/pages"}],"about":[{"href":"https:\/\/javataste.de\/en\/wp-json\/wp\/v2\/types\/page"}],"author":[{"embeddable":true,"href":"https:\/\/javataste.de\/en\/wp-json\/wp\/v2\/users\/1"}],"replies":[{"embeddable":true,"href":"https:\/\/javataste.de\/en\/wp-json\/wp\/v2\/comments?post=430"}],"version-history":[{"count":10,"href":"https:\/\/javataste.de\/en\/wp-json\/wp\/v2\/pages\/430\/revisions"}],"predecessor-version":[{"id":20215101,"href":"https:\/\/javataste.de\/en\/wp-json\/wp\/v2\/pages\/430\/revisions\/20215101"}],"wp:attachment":[{"href":"https:\/\/javataste.de\/en\/wp-json\/wp\/v2\/media?parent=430"}],"curies":[{"name":"wp","href":"https:\/\/api.w.org\/{rel}","templated":true}]}}